{"id":4648,"date":"2024-04-11T12:55:44","date_gmt":"2024-04-11T10:55:44","guid":{"rendered":"https:\/\/studium.hoc.kit.edu\/hocampus\/?page_id=4648"},"modified":"2025-07-22T12:12:05","modified_gmt":"2025-07-22T10:12:05","slug":"umfrageberatung-surveykit","status":"publish","type":"page","link":"https:\/\/studium.hoc.kit.edu\/hocampus\/index.php\/beratung\/umfrageberatung-surveykit\/","title":{"rendered":"Umfrageberatung (survey@KIT)"},"content":{"rendered":"\t\t<div data-elementor-type=\"wp-page\" data-elementor-id=\"4648\" class=\"elementor elementor-4648\" data-elementor-post-type=\"page\">\n\t\t\t\t\t\t<section class=\"elementor-section elementor-top-section elementor-element elementor-element-85aea50 elementor-section-height-min-height elementor-section-boxed elementor-section-height-default elementor-section-items-middle\" data-id=\"85aea50\" data-element_type=\"section\" data-e-type=\"section\" data-settings=\"{&quot;background_background&quot;:&quot;classic&quot;,&quot;shape_divider_bottom&quot;:&quot;waves&quot;,&quot;ekit_has_onepagescroll_dot&quot;:&quot;yes&quot;}\">\n\t\t\t\t\t\t\t<div class=\"elementor-background-overlay\"><\/div>\n\t\t\t\t\t\t<div class=\"elementor-shape elementor-shape-bottom\" aria-hidden=\"true\" data-negative=\"false\">\n\t\t\t<svg xmlns=\"http:\/\/www.w3.org\/2000\/svg\" viewBox=\"0 0 1000 100\" preserveAspectRatio=\"none\">\n\t<path class=\"elementor-shape-fill\" d=\"M421.9,6.5c22.6-2.5,51.5,0.4,75.5,5.3c23.6,4.9,70.9,23.5,100.5,35.7c75.8,32.2,133.7,44.5,192.6,49.7\n\tc23.6,2.1,48.7,3.5,103.4-2.5c54.7-6,106.2-25.6,106.2-25.6V0H0v30.3c0,0,72,32.6,158.4,30.5c39.2-0.7,92.8-6.7,134-22.4\n\tc21.2-8.1,52.2-18.2,79.7-24.2C399.3,7.9,411.6,7.5,421.9,6.5z\"\/>\n<\/svg>\t\t<\/div>\n\t\t\t\t\t<div class=\"elementor-container elementor-column-gap-default\">\n\t\t\t\t\t<div class=\"elementor-column elementor-col-50 elementor-top-column elementor-element elementor-element-bc669a9\" data-id=\"bc669a9\" data-element_type=\"column\" data-e-type=\"column\">\n\t\t\t<div class=\"elementor-widget-wrap elementor-element-populated\">\n\t\t\t\t\t\t<div class=\"elementor-element elementor-element-bee9c15 elementor-widget elementor-widget-heading\" data-id=\"bee9c15\" data-element_type=\"widget\" data-e-type=\"widget\" data-settings=\"{&quot;ekit_we_effect_on&quot;:&quot;none&quot;}\" data-widget_type=\"heading.default\">\n\t\t\t\t<div class=\"elementor-widget-container\">\n\t\t\t\t\t<h1 class=\"elementor-heading-title elementor-size-default\">Umfrageberatung (survey@KIT)<\/h1>\t\t\t\t<\/div>\n\t\t\t\t<\/div>\n\t\t\t\t<div class=\"elementor-element elementor-element-30d0d90 elementor-widget-divider--view-line elementor-invisible elementor-widget elementor-widget-divider\" data-id=\"30d0d90\" data-element_type=\"widget\" data-e-type=\"widget\" data-settings=\"{&quot;_animation&quot;:&quot;bounceInLeft&quot;,&quot;ekit_we_effect_on&quot;:&quot;none&quot;}\" data-widget_type=\"divider.default\">\n\t\t\t\t<div class=\"elementor-widget-container\">\n\t\t\t\t\t\t\t<div class=\"elementor-divider\">\n\t\t\t<span class=\"elementor-divider-separator\">\n\t\t\t\t\t\t<\/span>\n\t\t<\/div>\n\t\t\t\t\t\t<\/div>\n\t\t\t\t<\/div>\n\t\t\t\t\t<\/div>\n\t\t<\/div>\n\t\t\t\t<div class=\"elementor-column elementor-col-50 elementor-top-column elementor-element elementor-element-de112c3\" data-id=\"de112c3\" data-element_type=\"column\" data-e-type=\"column\">\n\t\t\t<div class=\"elementor-widget-wrap elementor-element-populated\">\n\t\t\t\t\t\t<div class=\"elementor-element elementor-element-27e7847 elementor-invisible elementor-widget elementor-widget-image\" data-id=\"27e7847\" data-element_type=\"widget\" data-e-type=\"widget\" data-settings=\"{&quot;_animation&quot;:&quot;tada&quot;,&quot;ekit_we_effect_on&quot;:&quot;none&quot;}\" data-widget_type=\"image.default\">\n\t\t\t\t<div class=\"elementor-widget-container\">\n\t\t\t\t\t\t\t\t\t\t\t\t\t\t\t\t<a href=\"https:\/\/www.hoc.kit.edu\/methodenlabor.php\" target=\"_blank\">\n\t\t\t\t\t\t\t<img fetchpriority=\"high\" decoding=\"async\" width=\"800\" height=\"496\" src=\"https:\/\/studium.hoc.kit.edu\/hocampus\/wp-content\/uploads\/2023\/03\/methodenlabor_logo_vollfarbe_W-1024x635.png\" class=\"attachment-large size-large wp-image-1595\" alt=\"\" srcset=\"https:\/\/studium.hoc.kit.edu\/hocampus\/wp-content\/uploads\/2023\/03\/methodenlabor_logo_vollfarbe_W-1024x635.png 1024w, https:\/\/studium.hoc.kit.edu\/hocampus\/wp-content\/uploads\/2023\/03\/methodenlabor_logo_vollfarbe_W-300x186.png 300w, https:\/\/studium.hoc.kit.edu\/hocampus\/wp-content\/uploads\/2023\/03\/methodenlabor_logo_vollfarbe_W-768x476.png 768w, https:\/\/studium.hoc.kit.edu\/hocampus\/wp-content\/uploads\/2023\/03\/methodenlabor_logo_vollfarbe_W.png 1449w\" sizes=\"(max-width: 800px) 100vw, 800px\" \/>\t\t\t\t\t\t\t\t<\/a>\n\t\t\t\t\t\t\t\t\t\t\t\t\t\t\t<\/div>\n\t\t\t\t<\/div>\n\t\t\t\t\t<\/div>\n\t\t<\/div>\n\t\t\t\t\t<\/div>\n\t\t<\/section>\n\t\t<div class=\"elementor-element elementor-element-018a61c e-flex e-con-boxed e-con e-parent\" data-id=\"018a61c\" data-element_type=\"container\" data-e-type=\"container\" data-settings=\"{&quot;background_background&quot;:&quot;classic&quot;,&quot;shape_divider_top&quot;:&quot;opacity-fan&quot;,&quot;shape_divider_bottom&quot;:&quot;opacity-fan&quot;,&quot;ekit_has_onepagescroll_dot&quot;:&quot;yes&quot;}\">\n\t\t\t\t\t<div class=\"e-con-inner\">\n\t\t\t\t<div class=\"elementor-shape elementor-shape-top\" aria-hidden=\"true\" data-negative=\"false\">\n\t\t\t<svg xmlns=\"http:\/\/www.w3.org\/2000\/svg\" viewBox=\"0 0 283.5 19.6\" preserveAspectRatio=\"none\">\n\t<path class=\"elementor-shape-fill\" style=\"opacity:0.33\" d=\"M0 0L0 18.8 141.8 4.1 283.5 18.8 283.5 0z\"\/>\n\t<path class=\"elementor-shape-fill\" style=\"opacity:0.33\" d=\"M0 0L0 12.6 141.8 4 283.5 12.6 283.5 0z\"\/>\n\t<path class=\"elementor-shape-fill\" style=\"opacity:0.33\" d=\"M0 0L0 6.4 141.8 4 283.5 6.4 283.5 0z\"\/>\n\t<path class=\"elementor-shape-fill\" d=\"M0 0L0 1.2 141.8 4 283.5 1.2 283.5 0z\"\/>\n<\/svg>\t\t<\/div>\n\t\t\t\t<div class=\"elementor-shape elementor-shape-bottom\" aria-hidden=\"true\" data-negative=\"false\">\n\t\t\t<svg xmlns=\"http:\/\/www.w3.org\/2000\/svg\" viewBox=\"0 0 283.5 19.6\" preserveAspectRatio=\"none\">\n\t<path class=\"elementor-shape-fill\" style=\"opacity:0.33\" d=\"M0 0L0 18.8 141.8 4.1 283.5 18.8 283.5 0z\"\/>\n\t<path class=\"elementor-shape-fill\" style=\"opacity:0.33\" d=\"M0 0L0 12.6 141.8 4 283.5 12.6 283.5 0z\"\/>\n\t<path class=\"elementor-shape-fill\" style=\"opacity:0.33\" d=\"M0 0L0 6.4 141.8 4 283.5 6.4 283.5 0z\"\/>\n\t<path class=\"elementor-shape-fill\" d=\"M0 0L0 1.2 141.8 4 283.5 1.2 283.5 0z\"\/>\n<\/svg>\t\t<\/div>\n\t\t<div class=\"elementor-element elementor-element-3aab771 e-con-full e-flex e-con e-child\" data-id=\"3aab771\" data-element_type=\"container\" data-e-type=\"container\" data-settings=\"{&quot;ekit_has_onepagescroll_dot&quot;:&quot;yes&quot;}\">\n\t\t\t\t<div class=\"elementor-element elementor-element-167d9bd elementor-widget__width-initial elementor-widget elementor-widget-text-editor\" data-id=\"167d9bd\" data-element_type=\"widget\" data-e-type=\"widget\" data-settings=\"{&quot;ekit_we_effect_on&quot;:&quot;none&quot;}\" data-widget_type=\"text-editor.default\">\n\t\t\t\t<div class=\"elementor-widget-container\">\n\t\t\t\t\t\t\t\t\t<p>Die Umfrageberatung am HoC-Methodenlabor bietet Studierenden die M\u00f6glichkeit, Probleme im Verlauf der Erstellung und Durchf\u00fchrung von Umfragen mit speziell geschulten Tutorinnen und Tutoren zu besprechen und so gemeinsam L\u00f6sungen zu erarbeiten. Es handelt sich um Studierende (Peer-to-Peer-Beratung), welche durch das Methodenlabor am House of Competence (HoC) geschult wurden.<\/p><p>H\u00e4ufige Fragen in der freien Umfrageberatung sind:<\/p><ul><li><strong>Wie plane und strukturiere ich eine Befragung?<\/strong><\/li><li><strong>Wie vermeide ich Umfragefehler?<\/strong><\/li><li><strong>Welche Arten von Fragen eigenen sich f\u00fcr welches Erkenntnisinteresse?<\/strong><\/li><li><strong>Wie setze ich meine Fragen mit der Software Unipark um (f\u00fcr KIT-Studierende kostenfrei nutzbar)?<\/strong><\/li><li><strong>Wie halte ich die Datenschutzrichtlinien korrekt ein?<\/strong><\/li><\/ul><p>Das Projektteam survey@KIT (ZML, STS\/QM und HoC\/Methodenlabor) betreut zudem den Online-Kurs survey@KIT \u2013 einen Baukasten aus Lernmaterial und E-Tutorials mit dem Schwerpunkt Online-Umfragen. Die Anmeldung ist jederzeit m\u00f6glich unter:\u00a0<a href=\"https:\/\/ilias.studium.kit.edu\/goto.php?target=crs_2164611_rcodeZRavNSgQqH&amp;client_id=produktiv\"><strong>survey@KIT<\/strong><\/a><\/p><p>In unserem Kurs findest du umfassendes Schulungsmaterial zu den Themen Fragebogengestaltung, Frageformulierungen und wissenschaftlicher Hypothesenbildung. Wenn dir die Materialien im Kurs nicht weiterhelfen und du deine Fragen gerne mit unseren spezifisch\u00a0geschulten Hilfskr\u00e4ften besprechen und reflektieren m\u00f6chtest, melde dich jederzeit f\u00fcr einen Termin zu einem online Beratungsgespr\u00e4ch bei uns.<\/p><p>Das Angebot richtet sich an KIT-Studierende aller Fachrichtungen. Die Tutorinnen und Tutoren sind darin geschult, Ihnen Hilfestellung in der Umfrageerstellung und Handhabung der Software Unipark zu geben, welche Studierende des KIT im Rahmen ihres Studiums kostenfrei nutzen d\u00fcrfen. Unsere Beratung ist in deutscher oder englischer Sprache m\u00f6glich.<\/p><p>Wir behandeln s\u00e4mtliche Informationen aus den Gespr\u00e4chen vertraulich.<\/p>\t\t\t\t\t\t\t\t<\/div>\n\t\t\t\t<\/div>\n\t\t\t\t<div class=\"elementor-element elementor-element-6d7f4b3 elementor-widget__width-initial elementor-widget elementor-widget-stepbooking\" data-id=\"6d7f4b3\" data-element_type=\"widget\" data-e-type=\"widget\" data-settings=\"{&quot;ekit_we_effect_on&quot;:&quot;none&quot;}\" data-widget_type=\"stepbooking.default\">\n\t\t\t\t<div class=\"elementor-widget-container\">\n\t\t\t\t\t\n<script>\n  if (typeof hasAmeliaEntitiesApiCall === 'undefined' && '' === '') {\n    var hasAmeliaEntitiesApiCall = true;\n  }\n  var ameliaShortcodeData = (typeof ameliaShortcodeData === 'undefined') ? [] : ameliaShortcodeData;\n  ameliaShortcodeData.push(\n    {\n      'hasApiCall': (typeof hasAmeliaEntitiesApiCall !== 'undefined') && hasAmeliaEntitiesApiCall,\n      'trigger': '',\n      'trigger_type': '',\n      'triggered_form': 'sbsNew',\n      'in_dialog': '',\n      'show': '',\n      'counter': '1000',\n      'category': '',\n      'service': '8',\n      'employee': '273',\n      'location': '',\n      'package': ''\n    }\n  );\n\n  var ameliaShortcodeDataTriggered = (typeof ameliaShortcodeDataTriggered === 'undefined') ? [] : ameliaShortcodeDataTriggered;\n  if (ameliaShortcodeData[ameliaShortcodeData.length - 1].trigger !== '') {\n    if (ameliaShortcodeDataTriggered.filter(a => a.counter === ameliaShortcodeData[ameliaShortcodeData.length - 1].counter).length === 0) {\n      ameliaShortcodeDataTriggered.push(ameliaShortcodeData.pop());\n    } else {\n      ameliaShortcodeData.pop()\n    }\n  }\n  if (typeof hasAmeliaEntitiesApiCall !== 'undefined' && hasAmeliaEntitiesApiCall) {\n    hasAmeliaEntitiesApiCall = false;\n  }\n<\/script>\n\n<div\n  id=\"amelia-v2-booking-1000\"\n  class=\"amelia-v2-booking\"\n >\n    <step-form-wrapper><\/step-form-wrapper><\/div>\n\t\t\t\t<\/div>\n\t\t\t\t<\/div>\n\t\t\t\t<\/div>\n\t\t<div class=\"elementor-element elementor-element-5cac81f e-con-full e-flex e-con e-child\" data-id=\"5cac81f\" data-element_type=\"container\" data-e-type=\"container\" data-settings=\"{&quot;ekit_has_onepagescroll_dot&quot;:&quot;yes&quot;}\">\n\t\t\t\t<div class=\"elementor-element elementor-element-ee7555c elementor-widget-mobile__width-inherit elementor-view-default elementor-widget elementor-widget-icon\" data-id=\"ee7555c\" data-element_type=\"widget\" data-e-type=\"widget\" data-settings=\"{&quot;ekit_we_effect_on&quot;:&quot;none&quot;}\" data-widget_type=\"icon.default\">\n\t\t\t\t<div class=\"elementor-widget-container\">\n\t\t\t\t\t\t\t<div class=\"elementor-icon-wrapper\">\n\t\t\t<div class=\"elementor-icon\">\n\t\t\t<svg aria-hidden=\"true\" class=\"e-font-icon-svg e-fas-info-circle\" viewBox=\"0 0 512 512\" xmlns=\"http:\/\/www.w3.org\/2000\/svg\"><path d=\"M256 8C119.043 8 8 119.083 8 256c0 136.997 111.043 248 248 248s248-111.003 248-248C504 119.083 392.957 8 256 8zm0 110c23.196 0 42 18.804 42 42s-18.804 42-42 42-42-18.804-42-42 18.804-42 42-42zm56 254c0 6.627-5.373 12-12 12h-88c-6.627 0-12-5.373-12-12v-24c0-6.627 5.373-12 12-12h12v-64h-12c-6.627 0-12-5.373-12-12v-24c0-6.627 5.373-12 12-12h64c6.627 0 12 5.373 12 12v100h12c6.627 0 12 5.373 12 12v24z\"><\/path><\/svg>\t\t\t<\/div>\n\t\t<\/div>\n\t\t\t\t\t\t<\/div>\n\t\t\t\t<\/div>\n\t\t\t\t<div class=\"elementor-element elementor-element-8d5061e elementor-widget elementor-widget-text-editor\" data-id=\"8d5061e\" data-element_type=\"widget\" data-e-type=\"widget\" data-settings=\"{&quot;ekit_we_effect_on&quot;:&quot;none&quot;}\" data-widget_type=\"text-editor.default\">\n\t\t\t\t<div class=\"elementor-widget-container\">\n\t\t\t\t\t\t\t\t\t<p><strong>Die Beratung findet Online statt.\u00a0Loggen Sie sich bitte zum Termin mit Ihrem Studierendenaccount auf\u00a0MS Teams\u00a0ein. Sie werden dann von den Tutorinnen und Tutoren angerufen.<\/strong><\/p><p><em>Seminar- und Abschlussarbeiten m\u00fcssen von Studierenden selbstst\u00e4ndig verfasst werden, dies beinhaltet auch die inhaltliche Erstellung der zugeh\u00f6rigen Befragung. Das bedeutet, dass die Tutorinnen und Tutoren keine Umfragen erstellen oder auswerten d\u00fcrfen. In der Beratung werden eventuelle Fehler und Verbesserungsvorschl\u00e4ge gemeinsam diskutiert, so dass Sie diese dann auf Ihre gesamte Arbeit anwenden k\u00f6nnen.<\/em><\/p><p><em>Die Umfrageberatung ist jeweils f\u00fcr eine halbe Stunde individuell buchbar (siehe unten). Folgetermine k\u00f6nnen erst nach Abschluss des aktuell gebuchten Termins vereinbart werden. Doppelbuchungen werden gel\u00f6scht.<\/em><\/p><p><strong>Informationen zum Online-Kurs<\/strong>:<\/p><p>Das Projektteam survey@KIT (ZML, STS\/QM und HoC\/Methodenlabor) betreut zudem den Online-Kurs survey@KIT \u2013 einen Baukasten aus Lernmaterial und E-Tutorials mit dem Schwerpunkt Online-Umfragen. Die Anmeldung ist jederzeit m\u00f6glich unter: <a href=\"https:\/\/ilias.studium.kit.edu\/goto.php?target=crs_2164611_rcodeZRavNSgQqH&amp;client_id=produktiv\"><strong>survey@KIT<\/strong><\/a><\/p>\t\t\t\t\t\t\t\t<\/div>\n\t\t\t\t<\/div>\n\t\t\t\t<\/div>\n\t\t<div class=\"elementor-element elementor-element-cdf5051 e-con-full e-flex e-con e-child\" data-id=\"cdf5051\" data-element_type=\"container\" data-e-type=\"container\" data-settings=\"{&quot;ekit_has_onepagescroll_dot&quot;:&quot;yes&quot;}\">\n\t\t\t\t<div class=\"elementor-element elementor-element-a7d8f70 elementor-widget elementor-widget-text-editor\" data-id=\"a7d8f70\" data-element_type=\"widget\" data-e-type=\"widget\" data-settings=\"{&quot;ekit_we_effect_on&quot;:&quot;none&quot;}\" data-widget_type=\"text-editor.default\">\n\t\t\t\t<div class=\"elementor-widget-container\">\n\t\t\t\t\t\t\t\t\t<p><strong>Ab sofort haben alle KIT-Studierende Zugriff auf die Befragungssoftware SoSci Survey: <\/strong><a href=\"http:\/\/www.scc.kit.edu\/dienste\/soscisurvey\"><strong>www.scc.kit.edu\/dienste\/soscisurvey<\/strong><\/a><\/p><p>(Wichtiger Hinweis: Die Befragungssoftware ist f\u00fcr KIT-Studiernde noch bis zum 31.12.2025 nutzbar!)<\/p>\t\t\t\t\t\t\t\t<\/div>\n\t\t\t\t<\/div>\n\t\t\t\t<\/div>\n\t\t<div class=\"elementor-element elementor-element-6212752 e-con-full e-flex e-con e-child\" data-id=\"6212752\" data-element_type=\"container\" data-e-type=\"container\" data-settings=\"{&quot;ekit_has_onepagescroll_dot&quot;:&quot;yes&quot;}\">\n\t\t\t\t<div class=\"elementor-element elementor-element-7bb75db elementor-icon-list--layout-traditional elementor-list-item-link-full_width elementor-widget elementor-widget-icon-list\" data-id=\"7bb75db\" data-element_type=\"widget\" data-e-type=\"widget\" data-settings=\"{&quot;ekit_we_effect_on&quot;:&quot;none&quot;}\" data-widget_type=\"icon-list.default\">\n\t\t\t\t<div class=\"elementor-widget-container\">\n\t\t\t\t\t\t\t<ul class=\"elementor-icon-list-items\">\n\t\t\t\t\t\t\t<li class=\"elementor-icon-list-item\">\n\t\t\t\t\t\t\t\t\t\t\t<span class=\"elementor-icon-list-icon\">\n\t\t\t\t\t\t\t<svg aria-hidden=\"true\" class=\"e-font-icon-svg e-fas-calendar-times\" viewBox=\"0 0 448 512\" xmlns=\"http:\/\/www.w3.org\/2000\/svg\"><path d=\"M436 160H12c-6.6 0-12-5.4-12-12v-36c0-26.5 21.5-48 48-48h48V12c0-6.6 5.4-12 12-12h40c6.6 0 12 5.4 12 12v52h128V12c0-6.6 5.4-12 12-12h40c6.6 0 12 5.4 12 12v52h48c26.5 0 48 21.5 48 48v36c0 6.6-5.4 12-12 12zM12 192h424c6.6 0 12 5.4 12 12v260c0 26.5-21.5 48-48 48H48c-26.5 0-48-21.5-48-48V204c0-6.6 5.4-12 12-12zm257.3 160l48.1-48.1c4.7-4.7 4.7-12.3 0-17l-28.3-28.3c-4.7-4.7-12.3-4.7-17 0L224 306.7l-48.1-48.1c-4.7-4.7-12.3-4.7-17 0l-28.3 28.3c-4.7 4.7-4.7 12.3 0 17l48.1 48.1-48.1 48.1c-4.7 4.7-4.7 12.3 0 17l28.3 28.3c4.7 4.7 12.3 4.7 17 0l48.1-48.1 48.1 48.1c4.7 4.7 12.3 4.7 17 0l28.3-28.3c4.7-4.7 4.7-12.3 0-17L269.3 352z\"><\/path><\/svg>\t\t\t\t\t\t<\/span>\n\t\t\t\t\t\t\t\t\t\t<span class=\"elementor-icon-list-text\">Mo. 10:30 - 11:30 Uhr, Do. 13:30 - 14:00 Uhr<\/span>\n\t\t\t\t\t\t\t\t\t<\/li>\n\t\t\t\t\t\t\t\t<li class=\"elementor-icon-list-item\">\n\t\t\t\t\t\t\t\t\t\t\t<span class=\"elementor-icon-list-icon\">\n\t\t\t\t\t\t\t<svg aria-hidden=\"true\" class=\"e-font-icon-svg e-fas-comments\" viewBox=\"0 0 576 512\" xmlns=\"http:\/\/www.w3.org\/2000\/svg\"><path d=\"M416 192c0-88.4-93.1-160-208-160S0 103.6 0 192c0 34.3 14.1 65.9 38 92-13.4 30.2-35.5 54.2-35.8 54.5-2.2 2.3-2.8 5.7-1.5 8.7S4.8 352 8 352c36.6 0 66.9-12.3 88.7-25 32.2 15.7 70.3 25 111.3 25 114.9 0 208-71.6 208-160zm122 220c23.9-26 38-57.7 38-92 0-66.9-53.5-124.2-129.3-148.1.9 6.6 1.3 13.3 1.3 20.1 0 105.9-107.7 192-240 192-10.8 0-21.3-.8-31.7-1.9C207.8 439.6 281.8 480 368 480c41 0 79.1-9.2 111.3-25 21.8 12.7 52.1 25 88.7 25 3.2 0 6.1-1.9 7.3-4.8 1.3-2.9.7-6.3-1.5-8.7-.3-.3-22.4-24.2-35.8-54.5z\"><\/path><\/svg>\t\t\t\t\t\t<\/span>\n\t\t\t\t\t\t\t\t\t\t<span class=\"elementor-icon-list-text\">Deutsch &amp; Englisch<\/span>\n\t\t\t\t\t\t\t\t\t<\/li>\n\t\t\t\t\t\t\t\t<li class=\"elementor-icon-list-item\">\n\t\t\t\t\t\t\t\t\t\t\t<span class=\"elementor-icon-list-icon\">\n\t\t\t\t\t\t\t<i aria-hidden=\"true\" class=\"icon icon-internet\"><\/i>\t\t\t\t\t\t<\/span>\n\t\t\t\t\t\t\t\t\t\t<span class=\"elementor-icon-list-text\">MS Teams<\/span>\n\t\t\t\t\t\t\t\t\t<\/li>\n\t\t\t\t\t\t\t\t<li class=\"elementor-icon-list-item\">\n\t\t\t\t\t\t\t\t\t\t\t<a href=\"mailto:survey-beratung@hoc.kit.edu\">\n\n\t\t\t\t\t\t\t\t\t\t\t\t<span class=\"elementor-icon-list-icon\">\n\t\t\t\t\t\t\t<svg aria-hidden=\"true\" class=\"e-font-icon-svg e-fas-at\" viewBox=\"0 0 512 512\" xmlns=\"http:\/\/www.w3.org\/2000\/svg\"><path d=\"M256 8C118.941 8 8 118.919 8 256c0 137.059 110.919 248 248 248 48.154 0 95.342-14.14 135.408-40.223 12.005-7.815 14.625-24.288 5.552-35.372l-10.177-12.433c-7.671-9.371-21.179-11.667-31.373-5.129C325.92 429.757 291.314 440 256 440c-101.458 0-184-82.542-184-184S154.542 72 256 72c100.139 0 184 57.619 184 160 0 38.786-21.093 79.742-58.17 83.693-17.349-.454-16.91-12.857-13.476-30.024l23.433-121.11C394.653 149.75 383.308 136 368.225 136h-44.981a13.518 13.518 0 0 0-13.432 11.993l-.01.092c-14.697-17.901-40.448-21.775-59.971-21.775-74.58 0-137.831 62.234-137.831 151.46 0 65.303 36.785 105.87 96 105.87 26.984 0 57.369-15.637 74.991-38.333 9.522 34.104 40.613 34.103 70.71 34.103C462.609 379.41 504 307.798 504 232 504 95.653 394.023 8 256 8zm-21.68 304.43c-22.249 0-36.07-15.623-36.07-40.771 0-44.993 30.779-72.729 58.63-72.729 22.292 0 35.601 15.241 35.601 40.77 0 45.061-33.875 72.73-58.161 72.73z\"><\/path><\/svg>\t\t\t\t\t\t<\/span>\n\t\t\t\t\t\t\t\t\t\t<span class=\"elementor-icon-list-text\">survey-beratung@hoc.kit.edu<\/span>\n\t\t\t\t\t\t\t\t\t\t\t<\/a>\n\t\t\t\t\t\t\t\t\t<\/li>\n\t\t\t\t\t\t\t\t<li class=\"elementor-icon-list-item\">\n\t\t\t\t\t\t\t\t\t\t\t<span class=\"elementor-icon-list-icon\">\n\t\t\t\t\t\t\t<svg aria-hidden=\"true\" class=\"e-font-icon-svg e-fas-phone-square\" viewBox=\"0 0 448 512\" xmlns=\"http:\/\/www.w3.org\/2000\/svg\"><path d=\"M400 32H48C21.49 32 0 53.49 0 80v352c0 26.51 21.49 48 48 48h352c26.51 0 48-21.49 48-48V80c0-26.51-21.49-48-48-48zM94 416c-7.033 0-13.057-4.873-14.616-11.627l-14.998-65a15 15 0 0 1 8.707-17.16l69.998-29.999a15 15 0 0 1 17.518 4.289l30.997 37.885c48.944-22.963 88.297-62.858 110.781-110.78l-37.886-30.997a15.001 15.001 0 0 1-4.289-17.518l30-69.998a15 15 0 0 1 17.16-8.707l65 14.998A14.997 14.997 0 0 1 384 126c0 160.292-129.945 290-290 290z\"><\/path><\/svg>\t\t\t\t\t\t<\/span>\n\t\t\t\t\t\t\t\t\t\t<span class=\"elementor-icon-list-text\">Tel.: +49 721 608 46043<\/span>\n\t\t\t\t\t\t\t\t\t<\/li>\n\t\t\t\t\t\t\t\t<li class=\"elementor-icon-list-item\">\n\t\t\t\t\t\t\t\t\t\t\t<a href=\"https:\/\/s.kit.edu\/survey\">\n\n\t\t\t\t\t\t\t\t\t\t\t\t<span class=\"elementor-icon-list-icon\">\n\t\t\t\t\t\t\t<svg aria-hidden=\"true\" class=\"e-font-icon-svg e-fas-external-link-alt\" viewBox=\"0 0 512 512\" xmlns=\"http:\/\/www.w3.org\/2000\/svg\"><path d=\"M432,320H400a16,16,0,0,0-16,16V448H64V128H208a16,16,0,0,0,16-16V80a16,16,0,0,0-16-16H48A48,48,0,0,0,0,112V464a48,48,0,0,0,48,48H400a48,48,0,0,0,48-48V336A16,16,0,0,0,432,320ZM488,0h-128c-21.37,0-32.05,25.91-17,41l35.73,35.73L135,320.37a24,24,0,0,0,0,34L157.67,377a24,24,0,0,0,34,0L435.28,133.32,471,169c15,15,41,4.5,41-17V24A24,24,0,0,0,488,0Z\"><\/path><\/svg>\t\t\t\t\t\t<\/span>\n\t\t\t\t\t\t\t\t\t\t<span class=\"elementor-icon-list-text\">survey@KIT<\/span>\n\t\t\t\t\t\t\t\t\t\t\t<\/a>\n\t\t\t\t\t\t\t\t\t<\/li>\n\t\t\t\t\t\t<\/ul>\n\t\t\t\t\t\t<\/div>\n\t\t\t\t<\/div>\n\t\t\t\t<div class=\"elementor-element elementor-element-818e9ec elementor-widget__width-initial elementor-invisible elementor-widget elementor-widget-image\" data-id=\"818e9ec\" data-element_type=\"widget\" data-e-type=\"widget\" data-settings=\"{&quot;_animation&quot;:&quot;tada&quot;,&quot;ekit_we_effect_on&quot;:&quot;none&quot;}\" data-widget_type=\"image.default\">\n\t\t\t\t<div class=\"elementor-widget-container\">\n\t\t\t\t\t\t\t\t\t\t\t\t\t\t\t\t<a href=\"https:\/\/www.hoc.kit.edu\/methodenlabor.php\" target=\"_blank\">\n\t\t\t\t\t\t\t<img decoding=\"async\" width=\"800\" height=\"496\" src=\"https:\/\/studium.hoc.kit.edu\/hocampus\/wp-content\/uploads\/2023\/03\/methodenlabor_logo_vollfarbe-1024x635.png\" class=\"attachment-large size-large wp-image-1596\" alt=\"\" srcset=\"https:\/\/studium.hoc.kit.edu\/hocampus\/wp-content\/uploads\/2023\/03\/methodenlabor_logo_vollfarbe-1024x635.png 1024w, https:\/\/studium.hoc.kit.edu\/hocampus\/wp-content\/uploads\/2023\/03\/methodenlabor_logo_vollfarbe-300x186.png 300w, https:\/\/studium.hoc.kit.edu\/hocampus\/wp-content\/uploads\/2023\/03\/methodenlabor_logo_vollfarbe-768x476.png 768w, https:\/\/studium.hoc.kit.edu\/hocampus\/wp-content\/uploads\/2023\/03\/methodenlabor_logo_vollfarbe.png 1449w\" sizes=\"(max-width: 800px) 100vw, 800px\" \/>\t\t\t\t\t\t\t\t<\/a>\n\t\t\t\t\t\t\t\t\t\t\t\t\t\t\t<\/div>\n\t\t\t\t<\/div>\n\t\t\t\t<\/div>\n\t\t\t\t\t<\/div>\n\t\t\t\t<\/div>\n\t\t<div class=\"elementor-element elementor-element-434a47d e-flex e-con-boxed e-con e-parent\" data-id=\"434a47d\" data-element_type=\"container\" data-e-type=\"container\" data-settings=\"{&quot;ekit_has_onepagescroll_dot&quot;:&quot;yes&quot;}\">\n\t\t\t\t\t<div class=\"e-con-inner\">\n\t\t\t\t\t<\/div>\n\t\t\t\t<\/div>\n\t\t\t\t<\/div>\n\t\t","protected":false},"excerpt":{"rendered":"<p>Umfrageberatung (survey@KIT) Die Umfrageberatung am HoC-Methodenlabor bietet Studierenden die M\u00f6glichkeit, Probleme im Verlauf der Erstellung und Durchf\u00fchrung von Umfragen mit speziell geschulten Tutorinnen und Tutoren zu besprechen und so gemeinsam L\u00f6sungen zu erarbeiten. Es handelt sich um Studierende (Peer-to-Peer-Beratung), welche durch das Methodenlabor am House of Competence (HoC) geschult wurden. H\u00e4ufige Fragen in der freien [&hellip;]<\/p>\n","protected":false},"author":1,"featured_media":0,"parent":79,"menu_order":0,"comment_status":"closed","ping_status":"closed","template":"","meta":{"footnotes":""},"class_list":["post-4648","page","type-page","status-publish","hentry"],"_links":{"self":[{"href":"https:\/\/studium.hoc.kit.edu\/hocampus\/index.php\/wp-json\/wp\/v2\/pages\/4648","targetHints":{"allow":["GET"]}}],"collection":[{"href":"https:\/\/studium.hoc.kit.edu\/hocampus\/index.php\/wp-json\/wp\/v2\/pages"}],"about":[{"href":"https:\/\/studium.hoc.kit.edu\/hocampus\/index.php\/wp-json\/wp\/v2\/types\/page"}],"author":[{"embeddable":true,"href":"https:\/\/studium.hoc.kit.edu\/hocampus\/index.php\/wp-json\/wp\/v2\/users\/1"}],"replies":[{"embeddable":true,"href":"https:\/\/studium.hoc.kit.edu\/hocampus\/index.php\/wp-json\/wp\/v2\/comments?post=4648"}],"version-history":[{"count":46,"href":"https:\/\/studium.hoc.kit.edu\/hocampus\/index.php\/wp-json\/wp\/v2\/pages\/4648\/revisions"}],"predecessor-version":[{"id":7003,"href":"https:\/\/studium.hoc.kit.edu\/hocampus\/index.php\/wp-json\/wp\/v2\/pages\/4648\/revisions\/7003"}],"up":[{"embeddable":true,"href":"https:\/\/studium.hoc.kit.edu\/hocampus\/index.php\/wp-json\/wp\/v2\/pages\/79"}],"wp:attachment":[{"href":"https:\/\/studium.hoc.kit.edu\/hocampus\/index.php\/wp-json\/wp\/v2\/media?parent=4648"}],"curies":[{"name":"wp","href":"https:\/\/api.w.org\/{rel}","templated":true}]}}