{"id":2144,"date":"2023-03-24T14:59:02","date_gmt":"2023-03-24T13:59:02","guid":{"rendered":"https:\/\/studium.hoc.kit.edu\/hocampus\/?page_id=2144"},"modified":"2024-08-22T12:59:01","modified_gmt":"2024-08-22T10:59:01","slug":"leistungsverbuchung","status":"publish","type":"page","link":"https:\/\/studium.hoc.kit.edu\/hocampus\/index.php\/leistungsverbuchung\/","title":{"rendered":"Leistungsverbuchung"},"content":{"rendered":"\t\t<div data-elementor-type=\"wp-page\" data-elementor-id=\"2144\" class=\"elementor elementor-2144\" data-elementor-post-type=\"page\">\n\t\t\t\t\t\t<section class=\"elementor-section elementor-top-section elementor-element elementor-element-a3fd015 elementor-section-height-min-height elementor-section-boxed elementor-section-height-default elementor-section-items-middle\" data-id=\"a3fd015\" data-element_type=\"section\" data-e-type=\"section\" data-settings=\"{&quot;background_background&quot;:&quot;classic&quot;,&quot;shape_divider_bottom&quot;:&quot;waves&quot;,&quot;ekit_has_onepagescroll_dot&quot;:&quot;yes&quot;}\">\n\t\t\t\t\t\t\t<div class=\"elementor-background-overlay\"><\/div>\n\t\t\t\t\t\t<div class=\"elementor-shape elementor-shape-bottom\" aria-hidden=\"true\" data-negative=\"false\">\n\t\t\t<svg xmlns=\"http:\/\/www.w3.org\/2000\/svg\" viewBox=\"0 0 1000 100\" preserveAspectRatio=\"none\">\n\t<path class=\"elementor-shape-fill\" d=\"M421.9,6.5c22.6-2.5,51.5,0.4,75.5,5.3c23.6,4.9,70.9,23.5,100.5,35.7c75.8,32.2,133.7,44.5,192.6,49.7\n\tc23.6,2.1,48.7,3.5,103.4-2.5c54.7-6,106.2-25.6,106.2-25.6V0H0v30.3c0,0,72,32.6,158.4,30.5c39.2-0.7,92.8-6.7,134-22.4\n\tc21.2-8.1,52.2-18.2,79.7-24.2C399.3,7.9,411.6,7.5,421.9,6.5z\"\/>\n<\/svg>\t\t<\/div>\n\t\t\t\t\t<div class=\"elementor-container elementor-column-gap-default\">\n\t\t\t\t\t<div class=\"elementor-column elementor-col-50 elementor-top-column elementor-element elementor-element-3dd1629\" data-id=\"3dd1629\" data-element_type=\"column\" data-e-type=\"column\">\n\t\t\t<div class=\"elementor-widget-wrap elementor-element-populated\">\n\t\t\t\t\t\t<div class=\"elementor-element elementor-element-6dea609 elementor-widget elementor-widget-heading\" data-id=\"6dea609\" data-element_type=\"widget\" data-e-type=\"widget\" data-settings=\"{&quot;ekit_we_effect_on&quot;:&quot;none&quot;}\" data-widget_type=\"heading.default\">\n\t\t\t\t<div class=\"elementor-widget-container\">\n\t\t\t\t\t<h1 class=\"elementor-heading-title elementor-size-default\">Leistungsverbuchung<\/h1>\t\t\t\t<\/div>\n\t\t\t\t<\/div>\n\t\t\t\t<div class=\"elementor-element elementor-element-04f893a elementor-widget-divider--view-line elementor-invisible elementor-widget elementor-widget-divider\" data-id=\"04f893a\" data-element_type=\"widget\" data-e-type=\"widget\" data-settings=\"{&quot;_animation&quot;:&quot;bounceInLeft&quot;,&quot;ekit_we_effect_on&quot;:&quot;none&quot;}\" data-widget_type=\"divider.default\">\n\t\t\t\t<div class=\"elementor-widget-container\">\n\t\t\t\t\t\t\t<div class=\"elementor-divider\">\n\t\t\t<span class=\"elementor-divider-separator\">\n\t\t\t\t\t\t<\/span>\n\t\t<\/div>\n\t\t\t\t\t\t<\/div>\n\t\t\t\t<\/div>\n\t\t\t\t\t<\/div>\n\t\t<\/div>\n\t\t\t\t<div class=\"elementor-column elementor-col-50 elementor-top-column elementor-element elementor-element-433858c\" data-id=\"433858c\" data-element_type=\"column\" data-e-type=\"column\">\n\t\t\t<div class=\"elementor-widget-wrap elementor-element-populated\">\n\t\t\t\t\t\t<div class=\"elementor-element elementor-element-e859c6d elementor-invisible elementor-widget elementor-widget-image\" data-id=\"e859c6d\" data-element_type=\"widget\" data-e-type=\"widget\" data-settings=\"{&quot;_animation&quot;:&quot;tada&quot;,&quot;ekit_we_effect_on&quot;:&quot;none&quot;}\" data-widget_type=\"image.default\">\n\t\t\t\t<div class=\"elementor-widget-container\">\n\t\t\t\t\t\t\t\t\t\t\t\t\t\t\t<img fetchpriority=\"high\" decoding=\"async\" width=\"800\" height=\"501\" src=\"https:\/\/studium.hoc.kit.edu\/hocampus\/wp-content\/uploads\/2023\/03\/HoC_Logo_WT-1024x641.png\" class=\"attachment-large size-large wp-image-831\" alt=\"\" srcset=\"https:\/\/studium.hoc.kit.edu\/hocampus\/wp-content\/uploads\/2023\/03\/HoC_Logo_WT-1024x641.png 1024w, https:\/\/studium.hoc.kit.edu\/hocampus\/wp-content\/uploads\/2023\/03\/HoC_Logo_WT-300x188.png 300w, https:\/\/studium.hoc.kit.edu\/hocampus\/wp-content\/uploads\/2023\/03\/HoC_Logo_WT-768x481.png 768w, https:\/\/studium.hoc.kit.edu\/hocampus\/wp-content\/uploads\/2023\/03\/HoC_Logo_WT.png 1298w\" sizes=\"(max-width: 800px) 100vw, 800px\" \/>\t\t\t\t\t\t\t\t\t\t\t\t\t\t\t<\/div>\n\t\t\t\t<\/div>\n\t\t\t\t\t<\/div>\n\t\t<\/div>\n\t\t\t\t\t<\/div>\n\t\t<\/section>\n\t\t\t\t<section class=\"elementor-section elementor-top-section elementor-element elementor-element-dad9b04 elementor-section-boxed elementor-section-height-default elementor-section-height-default\" data-id=\"dad9b04\" data-element_type=\"section\" data-e-type=\"section\" data-settings=\"{&quot;background_background&quot;:&quot;classic&quot;,&quot;shape_divider_top&quot;:&quot;opacity-fan&quot;,&quot;shape_divider_bottom&quot;:&quot;opacity-fan&quot;,&quot;ekit_has_onepagescroll_dot&quot;:&quot;yes&quot;}\">\n\t\t\t\t\t<div class=\"elementor-shape elementor-shape-top\" aria-hidden=\"true\" data-negative=\"false\">\n\t\t\t<svg xmlns=\"http:\/\/www.w3.org\/2000\/svg\" viewBox=\"0 0 283.5 19.6\" preserveAspectRatio=\"none\">\n\t<path class=\"elementor-shape-fill\" style=\"opacity:0.33\" d=\"M0 0L0 18.8 141.8 4.1 283.5 18.8 283.5 0z\"\/>\n\t<path class=\"elementor-shape-fill\" style=\"opacity:0.33\" d=\"M0 0L0 12.6 141.8 4 283.5 12.6 283.5 0z\"\/>\n\t<path class=\"elementor-shape-fill\" style=\"opacity:0.33\" d=\"M0 0L0 6.4 141.8 4 283.5 6.4 283.5 0z\"\/>\n\t<path class=\"elementor-shape-fill\" d=\"M0 0L0 1.2 141.8 4 283.5 1.2 283.5 0z\"\/>\n<\/svg>\t\t<\/div>\n\t\t\t\t<div class=\"elementor-shape elementor-shape-bottom\" aria-hidden=\"true\" data-negative=\"false\">\n\t\t\t<svg xmlns=\"http:\/\/www.w3.org\/2000\/svg\" viewBox=\"0 0 283.5 19.6\" preserveAspectRatio=\"none\">\n\t<path class=\"elementor-shape-fill\" style=\"opacity:0.33\" d=\"M0 0L0 18.8 141.8 4.1 283.5 18.8 283.5 0z\"\/>\n\t<path class=\"elementor-shape-fill\" style=\"opacity:0.33\" d=\"M0 0L0 12.6 141.8 4 283.5 12.6 283.5 0z\"\/>\n\t<path class=\"elementor-shape-fill\" style=\"opacity:0.33\" d=\"M0 0L0 6.4 141.8 4 283.5 6.4 283.5 0z\"\/>\n\t<path class=\"elementor-shape-fill\" d=\"M0 0L0 1.2 141.8 4 283.5 1.2 283.5 0z\"\/>\n<\/svg>\t\t<\/div>\n\t\t\t\t\t<div class=\"elementor-container elementor-column-gap-default\">\n\t\t\t\t\t<div class=\"elementor-column elementor-col-100 elementor-top-column elementor-element elementor-element-c1015fe\" data-id=\"c1015fe\" data-element_type=\"column\" data-e-type=\"column\">\n\t\t\t<div class=\"elementor-widget-wrap elementor-element-populated\">\n\t\t\t\t\t\t<div class=\"elementor-element elementor-element-f2e81dd elementor-widget elementor-widget-spacer\" data-id=\"f2e81dd\" data-element_type=\"widget\" data-e-type=\"widget\" data-settings=\"{&quot;ekit_we_effect_on&quot;:&quot;none&quot;}\" data-widget_type=\"spacer.default\">\n\t\t\t\t<div class=\"elementor-widget-container\">\n\t\t\t\t\t\t\t<div class=\"elementor-spacer\">\n\t\t\t<div class=\"elementor-spacer-inner\"><\/div>\n\t\t<\/div>\n\t\t\t\t\t\t<\/div>\n\t\t\t\t<\/div>\n\t\t\t\t<div class=\"elementor-element elementor-element-0820880 elementor-widget elementor-widget-text-editor\" data-id=\"0820880\" data-element_type=\"widget\" data-e-type=\"widget\" data-settings=\"{&quot;ekit_we_effect_on&quot;:&quot;none&quot;}\" data-widget_type=\"text-editor.default\">\n\t\t\t\t<div class=\"elementor-widget-container\">\n\t\t\t\t\t\t\t\t\t<div class=\"entry-content clearfix\"><div id=\"pl-1847\" class=\"panel-layout\"><div id=\"pg-1847-0\" class=\"panel-grid panel-no-style\"><div id=\"pgc-1847-0-0\" class=\"panel-grid-cell\"><div id=\"panel-1847-0-0-0\" class=\"so-panel widget widget_text panel-first-child panel-last-child\" data-index=\"0\"><div class=\"textwidget\"><p><span style=\"color: #ff0000;\">Eine Leistungsverbuchung ist nur f\u00fcr KIT-Studierende m\u00f6glich!<\/span><\/p><p><strong><u>Wann wird meine HoC-Leistung verbucht?<\/u><\/strong><\/p><p>In der Regel wird die Leistung ca. 2-4 Monate nach dem jeweils letzten Veranstaltungstermin auf Ihr Leistungskonto hochgeladen. Sobald dies erfolgt ist, erhalten Sie von uns eine E-Mail. In begr\u00fcndeten Ausnahmef\u00e4llen kann ein Leistungsnachweis in Absprache mit den Dozierenden auch fr\u00fcher erstellt werden.<\/p><p>Bei Fragen dazu wenden Sie sich bitte an <a href=\"mailto:info-sq@hoc.kit.edu\"><strong>info-sq@hoc.kit.edu<\/strong><\/a><\/p><p><strong><u>Wo kann ich meine HoC-Leistung sehen?<\/u><\/strong><\/p><p>Die am HoC erbrachten \u00fcberfachlichen Qualifikationen werden direkt auf Ihr Leistungskonto hochgeladen und erscheinen unter dem Reiter \u201e\u00dcQ\/SQ Leistungen\u201c. Die Leistungen werden nicht automatisch im Studienablaufplan verbucht, sondern m\u00fcssen noch zugeordnet werden. Bei den meisten Studieng\u00e4ngen k\u00f6nnen Sie die Zuordnung selbst vornehmen Eine Anleitung dazu finden Sie <strong><a href=\"https:\/\/campus.studium.kit.edu\/faq.php\">hier<\/a>. <\/strong>Sollte die Selbstverbuchung in Ihrem Studiengang nicht m\u00f6glich sein, wenden Sie sich bitte an das \u00a0Pr\u00fcfungssekretariat\/ Studiensekretariat Ihrer Fakult\u00e4t oder der Studierendenservice SLE.<\/p><p><strong><u>Wie bekomme ich meinen Papierschein?<\/u><\/strong><\/p><p>Falls Sie noch einen HoC-Leistungsnachweis in Papierform erhalten, werden Sie von uns per E-Mail informiert, sobald der Nachweis ausgestellt wurde. Wir leiten dann den Schein zur Eintragung an den Studierendenservice (SLE) weiter. Grunds\u00e4tzlich werden Scheine in Papierform nur noch f\u00fcr Studierende ausgestellt, die im auslaufenden HiS-POS System verwaltet werden oder an einer Hochschule studieren, mit der eine Kooperation seitens des KIT besteht.<\/p><p><strong><u>Ich habe noch einen alten Papierschein, den ich nicht abgeholt habe<\/u><\/strong><\/p><p>Bitte wenden Sie sich per E-Mail an <strong><a href=\"mailto:info-sq@hoc.kit.edu\">info-sq@hoc.kit.edu<\/a><\/strong>, auch diese Scheine leiten wir an den Studierendenservice weiter.<\/p><p><strong><u>Kann ich meine Leistung als Zusatzleitung oder Mastervorzugsleistung verbuchen?<\/u><\/strong><\/p><p>HoC-Leistungen k\u00f6nnen im Regelfall als Zusatzleistung oder Mastervorzugsleistung verbucht werden. Bei Fragen dazu wenden Sie sich bitte an das Pr\u00fcfungssekretariat Ihrer Fakult\u00e4t.<\/p><p><strong><u>Kann ich eine Teilnahmebescheinigung ohne ECTS erhalten?<\/u><\/strong><\/p><p>Die Leistungsnachweise werden elektronisch verbucht. Die Ausstellung einer Teilnahmebescheinigung ohne Credits ist nicht m\u00f6glich.<\/p><p><strong>F\u00fcr alle weiteren Fragen zur Leistungsverbuchung wenden Sie sich bitte an: <\/strong><strong><a href=\"mailto:info-sq@hoc.kit.edu\">info-sq@hoc.kit.edu<\/a><\/strong><\/p><\/div><\/div><\/div><\/div><\/div><\/div>\t\t\t\t\t\t\t\t<\/div>\n\t\t\t\t<\/div>\n\t\t\t\t<div class=\"elementor-element elementor-element-fb06ae2 elementor-widget elementor-widget-spacer\" data-id=\"fb06ae2\" data-element_type=\"widget\" data-e-type=\"widget\" data-settings=\"{&quot;ekit_we_effect_on&quot;:&quot;none&quot;}\" data-widget_type=\"spacer.default\">\n\t\t\t\t<div class=\"elementor-widget-container\">\n\t\t\t\t\t\t\t<div class=\"elementor-spacer\">\n\t\t\t<div class=\"elementor-spacer-inner\"><\/div>\n\t\t<\/div>\n\t\t\t\t\t\t<\/div>\n\t\t\t\t<\/div>\n\t\t\t\t\t<\/div>\n\t\t<\/div>\n\t\t\t\t\t<\/div>\n\t\t<\/section>\n\t\t\t\t<\/div>\n\t\t","protected":false},"excerpt":{"rendered":"<p>Leistungsverbuchung Eine Leistungsverbuchung ist nur f\u00fcr KIT-Studierende m\u00f6glich! Wann wird meine HoC-Leistung verbucht? In der Regel wird die Leistung ca. 2-4 Monate nach dem jeweils letzten Veranstaltungstermin auf Ihr Leistungskonto hochgeladen. Sobald dies erfolgt ist, erhalten Sie von uns eine E-Mail. In begr\u00fcndeten Ausnahmef\u00e4llen kann ein Leistungsnachweis in Absprache mit den Dozierenden auch fr\u00fcher erstellt [&hellip;]<\/p>\n","protected":false},"author":1,"featured_media":0,"parent":0,"menu_order":0,"comment_status":"closed","ping_status":"closed","template":"","meta":{"footnotes":""},"class_list":["post-2144","page","type-page","status-publish","hentry"],"_links":{"self":[{"href":"https:\/\/studium.hoc.kit.edu\/hocampus\/index.php\/wp-json\/wp\/v2\/pages\/2144","targetHints":{"allow":["GET"]}}],"collection":[{"href":"https:\/\/studium.hoc.kit.edu\/hocampus\/index.php\/wp-json\/wp\/v2\/pages"}],"about":[{"href":"https:\/\/studium.hoc.kit.edu\/hocampus\/index.php\/wp-json\/wp\/v2\/types\/page"}],"author":[{"embeddable":true,"href":"https:\/\/studium.hoc.kit.edu\/hocampus\/index.php\/wp-json\/wp\/v2\/users\/1"}],"replies":[{"embeddable":true,"href":"https:\/\/studium.hoc.kit.edu\/hocampus\/index.php\/wp-json\/wp\/v2\/comments?post=2144"}],"version-history":[{"count":10,"href":"https:\/\/studium.hoc.kit.edu\/hocampus\/index.php\/wp-json\/wp\/v2\/pages\/2144\/revisions"}],"predecessor-version":[{"id":5210,"href":"https:\/\/studium.hoc.kit.edu\/hocampus\/index.php\/wp-json\/wp\/v2\/pages\/2144\/revisions\/5210"}],"wp:attachment":[{"href":"https:\/\/studium.hoc.kit.edu\/hocampus\/index.php\/wp-json\/wp\/v2\/media?parent=2144"}],"curies":[{"name":"wp","href":"https:\/\/api.w.org\/{rel}","templated":true}]}}