{"id":1437,"date":"2023-03-06T14:46:33","date_gmt":"2023-03-06T13:46:33","guid":{"rendered":"https:\/\/studium.hoc.kit.edu\/hocampus\/?page_id=1437"},"modified":"2025-10-06T12:30:22","modified_gmt":"2025-10-06T10:30:22","slug":"perspektivenberatung","status":"publish","type":"page","link":"https:\/\/studium.hoc.kit.edu\/hocampus\/index.php\/beratung\/perspektivenberatung\/","title":{"rendered":"Perspektivenberatung"},"content":{"rendered":"\t\t<div data-elementor-type=\"wp-page\" data-elementor-id=\"1437\" class=\"elementor elementor-1437\" data-elementor-post-type=\"page\">\n\t\t\t\t\t\t<section class=\"elementor-section elementor-top-section elementor-element elementor-element-f3e5a46 elementor-section-height-min-height elementor-section-boxed elementor-section-height-default elementor-section-items-middle\" data-id=\"f3e5a46\" data-element_type=\"section\" data-e-type=\"section\" data-settings=\"{&quot;background_background&quot;:&quot;classic&quot;,&quot;shape_divider_bottom&quot;:&quot;waves&quot;,&quot;ekit_has_onepagescroll_dot&quot;:&quot;yes&quot;}\">\n\t\t\t\t\t\t\t<div class=\"elementor-background-overlay\"><\/div>\n\t\t\t\t\t\t<div class=\"elementor-shape elementor-shape-bottom\" aria-hidden=\"true\" data-negative=\"false\">\n\t\t\t<svg xmlns=\"http:\/\/www.w3.org\/2000\/svg\" viewBox=\"0 0 1000 100\" preserveAspectRatio=\"none\">\n\t<path class=\"elementor-shape-fill\" d=\"M421.9,6.5c22.6-2.5,51.5,0.4,75.5,5.3c23.6,4.9,70.9,23.5,100.5,35.7c75.8,32.2,133.7,44.5,192.6,49.7\n\tc23.6,2.1,48.7,3.5,103.4-2.5c54.7-6,106.2-25.6,106.2-25.6V0H0v30.3c0,0,72,32.6,158.4,30.5c39.2-0.7,92.8-6.7,134-22.4\n\tc21.2-8.1,52.2-18.2,79.7-24.2C399.3,7.9,411.6,7.5,421.9,6.5z\"\/>\n<\/svg>\t\t<\/div>\n\t\t\t\t\t<div class=\"elementor-container elementor-column-gap-default\">\n\t\t\t\t\t<div class=\"elementor-column elementor-col-50 elementor-top-column elementor-element elementor-element-a1fedca\" data-id=\"a1fedca\" data-element_type=\"column\" data-e-type=\"column\">\n\t\t\t<div class=\"elementor-widget-wrap elementor-element-populated\">\n\t\t\t\t\t\t<div class=\"elementor-element elementor-element-8375959 elementor-widget elementor-widget-heading\" data-id=\"8375959\" data-element_type=\"widget\" data-e-type=\"widget\" data-settings=\"{&quot;ekit_we_effect_on&quot;:&quot;none&quot;}\" data-widget_type=\"heading.default\">\n\t\t\t\t<div class=\"elementor-widget-container\">\n\t\t\t\t\t<h1 class=\"elementor-heading-title elementor-size-default\">Perspektivenberatung<\/h1>\t\t\t\t<\/div>\n\t\t\t\t<\/div>\n\t\t\t\t<div class=\"elementor-element elementor-element-87a1f17 elementor-widget-divider--view-line elementor-invisible elementor-widget elementor-widget-divider\" data-id=\"87a1f17\" data-element_type=\"widget\" data-e-type=\"widget\" data-settings=\"{&quot;_animation&quot;:&quot;bounceInLeft&quot;,&quot;ekit_we_effect_on&quot;:&quot;none&quot;}\" data-widget_type=\"divider.default\">\n\t\t\t\t<div class=\"elementor-widget-container\">\n\t\t\t\t\t\t\t<div class=\"elementor-divider\">\n\t\t\t<span class=\"elementor-divider-separator\">\n\t\t\t\t\t\t<\/span>\n\t\t<\/div>\n\t\t\t\t\t\t<\/div>\n\t\t\t\t<\/div>\n\t\t\t\t\t<\/div>\n\t\t<\/div>\n\t\t\t\t<div class=\"elementor-column elementor-col-50 elementor-top-column elementor-element elementor-element-35df540\" data-id=\"35df540\" data-element_type=\"column\" data-e-type=\"column\">\n\t\t\t<div class=\"elementor-widget-wrap elementor-element-populated\">\n\t\t\t\t\t\t<div class=\"elementor-element elementor-element-722cddb elementor-invisible elementor-widget elementor-widget-image\" data-id=\"722cddb\" data-element_type=\"widget\" data-e-type=\"widget\" data-settings=\"{&quot;_animation&quot;:&quot;tada&quot;,&quot;ekit_we_effect_on&quot;:&quot;none&quot;}\" data-widget_type=\"image.default\">\n\t\t\t\t<div class=\"elementor-widget-container\">\n\t\t\t\t\t\t\t\t\t\t\t\t\t\t\t\t<a href=\"https:\/\/www.hoc.kit.edu\/perspektivenlabor.php\" target=\"_blank\">\n\t\t\t\t\t\t\t<img fetchpriority=\"high\" decoding=\"async\" width=\"696\" height=\"432\" src=\"https:\/\/studium.hoc.kit.edu\/hocampus\/wp-content\/uploads\/2023\/03\/perspektivenlabor_logo_vollfarbe_W.png\" class=\"attachment-large size-large wp-image-1630\" alt=\"\" srcset=\"https:\/\/studium.hoc.kit.edu\/hocampus\/wp-content\/uploads\/2023\/03\/perspektivenlabor_logo_vollfarbe_W.png 696w, https:\/\/studium.hoc.kit.edu\/hocampus\/wp-content\/uploads\/2023\/03\/perspektivenlabor_logo_vollfarbe_W-300x186.png 300w\" sizes=\"(max-width: 696px) 100vw, 696px\" \/>\t\t\t\t\t\t\t\t<\/a>\n\t\t\t\t\t\t\t\t\t\t\t\t\t\t\t<\/div>\n\t\t\t\t<\/div>\n\t\t\t\t\t<\/div>\n\t\t<\/div>\n\t\t\t\t\t<\/div>\n\t\t<\/section>\n\t\t<div class=\"elementor-element elementor-element-c879da0 e-flex e-con-boxed e-con e-parent\" data-id=\"c879da0\" data-element_type=\"container\" data-e-type=\"container\" data-settings=\"{&quot;background_background&quot;:&quot;classic&quot;,&quot;shape_divider_top&quot;:&quot;opacity-fan&quot;,&quot;ekit_has_onepagescroll_dot&quot;:&quot;yes&quot;}\">\n\t\t\t\t\t<div class=\"e-con-inner\">\n\t\t\t\t<div class=\"elementor-shape elementor-shape-top\" aria-hidden=\"true\" data-negative=\"false\">\n\t\t\t<svg xmlns=\"http:\/\/www.w3.org\/2000\/svg\" viewBox=\"0 0 283.5 19.6\" preserveAspectRatio=\"none\">\n\t<path class=\"elementor-shape-fill\" style=\"opacity:0.33\" d=\"M0 0L0 18.8 141.8 4.1 283.5 18.8 283.5 0z\"\/>\n\t<path class=\"elementor-shape-fill\" style=\"opacity:0.33\" d=\"M0 0L0 12.6 141.8 4 283.5 12.6 283.5 0z\"\/>\n\t<path class=\"elementor-shape-fill\" style=\"opacity:0.33\" d=\"M0 0L0 6.4 141.8 4 283.5 6.4 283.5 0z\"\/>\n\t<path class=\"elementor-shape-fill\" d=\"M0 0L0 1.2 141.8 4 283.5 1.2 283.5 0z\"\/>\n<\/svg>\t\t<\/div>\n\t\t<div class=\"elementor-element elementor-element-c30dadc e-con-full e-flex e-con e-child\" data-id=\"c30dadc\" data-element_type=\"container\" data-e-type=\"container\" data-settings=\"{&quot;ekit_has_onepagescroll_dot&quot;:&quot;yes&quot;}\">\n\t\t\t\t<div class=\"elementor-element elementor-element-f008290 elementor-widget__width-initial elementor-widget elementor-widget-text-editor\" data-id=\"f008290\" data-element_type=\"widget\" data-e-type=\"widget\" data-settings=\"{&quot;ekit_we_effect_on&quot;:&quot;none&quot;}\" data-widget_type=\"text-editor.default\">\n\t\t\t\t<div class=\"elementor-widget-container\">\n\t\t\t\t\t\t\t\t\t<h1><strong>Entdecke dein Potenzial mit unserem individuellen Coaching<\/strong><\/h1><p>Die Reise in deine berufliche Zukunft kann spannend, aber auch herausfordernd sein. Mit der richtigen Unterst\u00fctzung kannst du den entscheidenden Unterschied machen. Unser Coaching-Angebot hilft dir, deine St\u00e4rken zu entdecken, deine einzigartigen Talente zu erkennen und die speziellen Herausforderungen zu meistern, die du bei Entscheidungen bez\u00fcglich deiner bevorstehenden (beruflichen) Zukunft hast.<\/p><p><strong>Was wir dir bieten:<\/strong><\/p><ul><li><strong>Pers\u00f6nliches Coaching:<\/strong> Unsere Coaching-Sitzungen sind individuell auf dich zugeschnitten. Wir konzentrieren uns auf deine Bed\u00fcrfnisse, St\u00e4rken und Ziele.<\/li><li><strong>Unterst\u00fctzung durch Expert:innen:<\/strong> Unsere systemischen Coaches sind gut ausgebildete und qualifizierte Profis. Sie bieten dir fundierte und wertvolle Unterst\u00fctzung, damit du deinen Weg mit Selbstvertrauen gehen kannst.<\/li><li><strong>Anliegen erkunden:<\/strong> Wir schaffen einen sicheren Raum, in dem du \u00fcber Herausforderungen sprechen kannst. Unabh\u00e4ngig davon ob du dir \u00fcber deinen Platz in der (Arbeits-)Welt oder deine Richtung unsicher bist \u2013 wir helfen dir, mehr Klarheit zu finden.<\/li><li><strong>Deine Kompetenzen im Fokus:<\/strong> Wir unterst\u00fctzen dich darin, deine besonderen F\u00e4higkeiten zu identifizieren und auszubauen, damit du dein individuelles Potenzial auf deinem weiteren Weg nutzen kannst.<\/li><li><strong>Kurzzeitcoaching:<\/strong> Auch wenn unser Ansatz ein Kurzzeitcoaching ist, ist dieses nicht auf ein einmaliges Treffen beschr\u00e4nkt. Du kannst je nach Anliegen mehrere Termine buchen oder nach l\u00e4ngerer Zeit f\u00fcr ein Check-In zur\u00fcckkommen, um weiteres Feedback und Unterst\u00fctzung zu erhalten.<\/li><\/ul><p>\u00a0<\/p><p>Du fragst dich, mit welchen <strong>Anliegen<\/strong> du zu uns kommen kannst? M\u00f6gliche Anliegen k\u00f6nnen sein:<\/p><ul><li>die eigene Zukunftsgestaltung<\/li><li>Entscheidungsfindung\/ &#8222;Abw\u00e4gungshilfe&#8220;<\/li><li>Standortbestimmung<\/li><li>Kompetenzen entdecken und st\u00e4rken<\/li><li>konkrete Problemsituationen<\/li><li>Entwicklung von F\u00fchrungskompetenz<\/li><li>Unterst\u00fctzung bei der Selbstreflexion<\/li><\/ul>\t\t\t\t\t\t\t\t<\/div>\n\t\t\t\t<\/div>\n\t\t\t\t<\/div>\n\t\t<div class=\"elementor-element elementor-element-7c27f85 e-con-full e-flex e-con e-child\" data-id=\"7c27f85\" data-element_type=\"container\" data-e-type=\"container\" data-settings=\"{&quot;ekit_has_onepagescroll_dot&quot;:&quot;yes&quot;}\">\n\t\t\t\t<div class=\"elementor-element elementor-element-602b422 elementor-widget elementor-widget-text-editor\" data-id=\"602b422\" data-element_type=\"widget\" data-e-type=\"widget\" data-settings=\"{&quot;ekit_we_effect_on&quot;:&quot;none&quot;}\" data-widget_type=\"text-editor.default\">\n\t\t\t\t<div class=\"elementor-widget-container\">\n\t\t\t\t\t\t\t\t\t<h3>Coaches<\/h3>\t\t\t\t\t\t\t\t<\/div>\n\t\t\t\t<\/div>\n\t\t\t\t<\/div>\n\t\t<div class=\"elementor-element elementor-element-4aabdf5 e-con-full e-flex e-con e-child\" data-id=\"4aabdf5\" data-element_type=\"container\" data-e-type=\"container\" data-settings=\"{&quot;ekit_has_onepagescroll_dot&quot;:&quot;yes&quot;}\">\n\t\t<div class=\"elementor-element elementor-element-ead8019 e-con-full e-flex e-con e-child\" data-id=\"ead8019\" data-element_type=\"container\" data-e-type=\"container\" data-settings=\"{&quot;ekit_has_onepagescroll_dot&quot;:&quot;yes&quot;}\">\n\t\t\t\t<div class=\"elementor-element elementor-element-9af27ba elementor-widget__width-initial elementor-widget elementor-widget-image\" data-id=\"9af27ba\" data-element_type=\"widget\" data-e-type=\"widget\" data-settings=\"{&quot;ekit_we_effect_on&quot;:&quot;none&quot;}\" data-widget_type=\"image.default\">\n\t\t\t\t<div class=\"elementor-widget-container\">\n\t\t\t\t\t\t\t\t\t\t\t\t\t\t\t\t<a href=\"https:\/\/www.hoc.kit.edu\/21_1931.php\" target=\"_blank\">\n\t\t\t\t\t\t\t<img decoding=\"async\" width=\"400\" height=\"400\" src=\"https:\/\/studium.hoc.kit.edu\/hocampus\/wp-content\/uploads\/2024\/12\/nly-BrittaHoffmann.gif\" class=\"attachment-large size-large wp-image-5643\" alt=\"\" \/>\t\t\t\t\t\t\t\t<\/a>\n\t\t\t\t\t\t\t\t\t\t\t\t\t\t\t<\/div>\n\t\t\t\t<\/div>\n\t\t\t\t<div class=\"elementor-element elementor-element-6032c40 elementor-widget elementor-widget-text-editor\" data-id=\"6032c40\" data-element_type=\"widget\" data-e-type=\"widget\" data-settings=\"{&quot;ekit_we_effect_on&quot;:&quot;none&quot;}\" data-widget_type=\"text-editor.default\">\n\t\t\t\t<div class=\"elementor-widget-container\">\n\t\t\t\t\t\t\t\t\t<p><a href=\"https:\/\/www.hoc.kit.edu\/21_1931.php\" target=\"_blank\" rel=\"noopener\"><strong>Britta Hoffmann<\/strong><\/a><br \/>(Systemische Coach)<\/p>\t\t\t\t\t\t\t\t<\/div>\n\t\t\t\t<\/div>\n\t\t\t\t<\/div>\n\t\t<div class=\"elementor-element elementor-element-a59467d e-con-full e-flex e-con e-child\" data-id=\"a59467d\" data-element_type=\"container\" data-e-type=\"container\" data-settings=\"{&quot;ekit_has_onepagescroll_dot&quot;:&quot;yes&quot;}\">\n\t\t\t\t<div class=\"elementor-element elementor-element-d195977 elementor-widget__width-initial elementor-widget elementor-widget-image\" data-id=\"d195977\" data-element_type=\"widget\" data-e-type=\"widget\" data-settings=\"{&quot;ekit_we_effect_on&quot;:&quot;none&quot;}\" data-widget_type=\"image.default\">\n\t\t\t\t<div class=\"elementor-widget-container\">\n\t\t\t\t\t\t\t\t\t\t\t\t\t\t\t\t<a href=\"https:\/\/www.hoc.kit.edu\/21_88.php\" target=\"_blank\">\n\t\t\t\t\t\t\t<img decoding=\"async\" width=\"200\" height=\"200\" src=\"https:\/\/studium.hoc.kit.edu\/hocampus\/wp-content\/uploads\/2025\/03\/HOC_Laila_annandthelight_2022_02.gif\" class=\"attachment-large size-large wp-image-6421\" alt=\"\" \/>\t\t\t\t\t\t\t\t<\/a>\n\t\t\t\t\t\t\t\t\t\t\t\t\t\t\t<\/div>\n\t\t\t\t<\/div>\n\t\t\t\t<div class=\"elementor-element elementor-element-1e96292 elementor-widget elementor-widget-text-editor\" data-id=\"1e96292\" data-element_type=\"widget\" data-e-type=\"widget\" data-settings=\"{&quot;ekit_we_effect_on&quot;:&quot;none&quot;}\" data-widget_type=\"text-editor.default\">\n\t\t\t\t<div class=\"elementor-widget-container\">\n\t\t\t\t\t\t\t\t\t<p><a href=\"https:\/\/www.hoc.kit.edu\/21_88.php\" target=\"_blank\" rel=\"noopener\"><strong>Laila Kolsch<\/strong><\/a> <br \/>(Personenzentrierte Beraterin in Ausbildung)<\/p>\t\t\t\t\t\t\t\t<\/div>\n\t\t\t\t<\/div>\n\t\t\t\t<\/div>\n\t\t<div class=\"elementor-element elementor-element-b59d91c e-con-full e-flex e-con e-child\" data-id=\"b59d91c\" data-element_type=\"container\" data-e-type=\"container\" data-settings=\"{&quot;ekit_has_onepagescroll_dot&quot;:&quot;yes&quot;}\">\n\t\t\t\t<div class=\"elementor-element elementor-element-2c6307e elementor-widget__width-initial elementor-widget elementor-widget-image\" data-id=\"2c6307e\" data-element_type=\"widget\" data-e-type=\"widget\" data-settings=\"{&quot;ekit_we_effect_on&quot;:&quot;none&quot;}\" data-widget_type=\"image.default\">\n\t\t\t\t<div class=\"elementor-widget-container\">\n\t\t\t\t\t\t\t\t\t\t\t\t\t\t\t\t<a href=\"https:\/\/www.hoc.kit.edu\/21_1620.php\" target=\"_blank\">\n\t\t\t\t\t\t\t<img loading=\"lazy\" decoding=\"async\" width=\"200\" height=\"200\" src=\"https:\/\/studium.hoc.kit.edu\/hocampus\/wp-content\/uploads\/2025\/03\/HOC_Sabrina-Weiss_annandthelight_2022_07.gif\" class=\"attachment-large size-large wp-image-6420\" alt=\"\" \/>\t\t\t\t\t\t\t\t<\/a>\n\t\t\t\t\t\t\t\t\t\t\t\t\t\t\t<\/div>\n\t\t\t\t<\/div>\n\t\t\t\t<div class=\"elementor-element elementor-element-5b0dd6e elementor-widget elementor-widget-text-editor\" data-id=\"5b0dd6e\" data-element_type=\"widget\" data-e-type=\"widget\" data-settings=\"{&quot;ekit_we_effect_on&quot;:&quot;none&quot;}\" data-widget_type=\"text-editor.default\">\n\t\t\t\t<div class=\"elementor-widget-container\">\n\t\t\t\t\t\t\t\t\t<p><a href=\"https:\/\/www.hoc.kit.edu\/21_1620.php\" target=\"_blank\" rel=\"noopener\"><strong>Sabrina Wei\u00df<\/strong><\/a> <br \/>(Systemische Coach)<\/p>\t\t\t\t\t\t\t\t<\/div>\n\t\t\t\t<\/div>\n\t\t\t\t<\/div>\n\t\t\t\t<\/div>\n\t\t\t\t\t<\/div>\n\t\t\t\t<\/div>\n\t\t<div class=\"elementor-element elementor-element-afb5484 e-flex e-con-boxed e-con e-parent\" data-id=\"afb5484\" data-element_type=\"container\" data-e-type=\"container\" data-settings=\"{&quot;background_background&quot;:&quot;classic&quot;,&quot;ekit_has_onepagescroll_dot&quot;:&quot;yes&quot;}\">\n\t\t\t\t\t<div class=\"e-con-inner\">\n\t\t<div class=\"elementor-element elementor-element-78f55ee e-con-full e-flex e-con e-child\" data-id=\"78f55ee\" data-element_type=\"container\" data-e-type=\"container\" data-settings=\"{&quot;background_background&quot;:&quot;classic&quot;,&quot;ekit_has_onepagescroll_dot&quot;:&quot;yes&quot;}\">\n\t\t\t\t<div class=\"elementor-element elementor-element-7bc4ebe elementor-widget elementor-widget-text-editor\" data-id=\"7bc4ebe\" data-element_type=\"widget\" data-e-type=\"widget\" data-settings=\"{&quot;ekit_we_effect_on&quot;:&quot;none&quot;}\" data-widget_type=\"text-editor.default\">\n\t\t\t\t<div class=\"elementor-widget-container\">\n\t\t\t\t\t\t\t\t\t<p style=\"text-align: center;\"><strong>Du hast Fragen?<\/strong><\/p>\t\t\t\t\t\t\t\t<\/div>\n\t\t\t\t<\/div>\n\t\t\t\t<div class=\"elementor-element elementor-element-d6f7799 elementor-widget elementor-widget-text-editor\" data-id=\"d6f7799\" data-element_type=\"widget\" data-e-type=\"widget\" data-settings=\"{&quot;ekit_we_effect_on&quot;:&quot;none&quot;}\" data-widget_type=\"text-editor.default\">\n\t\t\t\t<div class=\"elementor-widget-container\">\n\t\t\t\t\t\t\t\t\t<p style=\"text-align: center;\">Bei Fragen oder f\u00fcr \u00dcberlegungen, ob das Coaching am Perspektivenlabor das Richtige f\u00fcr dich ist, kannst du dich per E-Mail an <strong><a href=\"mailto:britta.hoffmann@kit.edu\">Britta Hoffmann<\/a><\/strong> wenden.<\/p>\t\t\t\t\t\t\t\t<\/div>\n\t\t\t\t<\/div>\n\t\t\t\t<div class=\"elementor-element elementor-element-92d2e81 elementor-widget elementor-widget-image\" data-id=\"92d2e81\" data-element_type=\"widget\" data-e-type=\"widget\" data-settings=\"{&quot;ekit_we_effect_on&quot;:&quot;none&quot;}\" data-widget_type=\"image.default\">\n\t\t\t\t<div class=\"elementor-widget-container\">\n\t\t\t\t\t\t\t\t\t\t\t\t<figure class=\"wp-caption\">\n\t\t\t\t\t\t\t\t\t\t\t<a href=\"mailto:britta.hoffmann@kit.edu\">\n\t\t\t\t\t\t\t<img loading=\"lazy\" decoding=\"async\" width=\"500\" height=\"333\" src=\"https:\/\/studium.hoc.kit.edu\/hocampus\/wp-content\/uploads\/2024\/11\/HOC_Britta_annandthelight_2022_07.gif\" class=\"attachment-large size-large wp-image-5576\" alt=\"\" \/>\t\t\t\t\t\t\t\t<\/a>\n\t\t\t\t\t\t\t\t\t\t\t<figcaption class=\"widget-image-caption wp-caption-text\">Britta Hoffmann - Systemische Coach<\/figcaption>\n\t\t\t\t\t\t\t\t\t\t<\/figure>\n\t\t\t\t\t\t\t\t\t<\/div>\n\t\t\t\t<\/div>\n\t\t\t\t<\/div>\n\t\t<div class=\"elementor-element elementor-element-7dc3271 e-con-full e-flex e-con e-child\" data-id=\"7dc3271\" data-element_type=\"container\" data-e-type=\"container\" data-settings=\"{&quot;ekit_has_onepagescroll_dot&quot;:&quot;yes&quot;}\">\n\t\t\t\t<div class=\"elementor-element elementor-element-8bd293b elementor-widget elementor-widget-stepbooking\" data-id=\"8bd293b\" data-element_type=\"widget\" data-e-type=\"widget\" data-settings=\"{&quot;ekit_we_effect_on&quot;:&quot;none&quot;}\" data-widget_type=\"stepbooking.default\">\n\t\t\t\t<div class=\"elementor-widget-container\">\n\t\t\t\t\t\n<script>\n  if (typeof hasAmeliaEntitiesApiCall === 'undefined' && '' === '') {\n    var hasAmeliaEntitiesApiCall = true;\n  }\n  var ameliaShortcodeData = (typeof ameliaShortcodeData === 'undefined') ? [] : ameliaShortcodeData;\n  ameliaShortcodeData.push(\n    {\n      'hasApiCall': (typeof hasAmeliaEntitiesApiCall !== 'undefined') && hasAmeliaEntitiesApiCall,\n      'trigger': '',\n      'trigger_type': '',\n      'triggered_form': 'sbsNew',\n      'in_dialog': '',\n      'show': '',\n      'counter': '1000',\n      'category': '',\n      'service': '11',\n      'employee': '486,494,717',\n      'location': '',\n      'package': ''\n    }\n  );\n\n  var ameliaShortcodeDataTriggered = (typeof ameliaShortcodeDataTriggered === 'undefined') ? [] : ameliaShortcodeDataTriggered;\n  if (ameliaShortcodeData[ameliaShortcodeData.length - 1].trigger !== '') {\n    if (ameliaShortcodeDataTriggered.filter(a => a.counter === ameliaShortcodeData[ameliaShortcodeData.length - 1].counter).length === 0) {\n      ameliaShortcodeDataTriggered.push(ameliaShortcodeData.pop());\n    } else {\n      ameliaShortcodeData.pop()\n    }\n  }\n  if (typeof hasAmeliaEntitiesApiCall !== 'undefined' && hasAmeliaEntitiesApiCall) {\n    hasAmeliaEntitiesApiCall = false;\n  }\n<\/script>\n\n<div\n  id=\"amelia-v2-booking-1000\"\n  class=\"amelia-v2-booking\"\n >\n    <step-form-wrapper><\/step-form-wrapper><\/div>\n\t\t\t\t<\/div>\n\t\t\t\t<\/div>\n\t\t\t\t<\/div>\n\t\t\t\t\t<\/div>\n\t\t\t\t<\/div>\n\t\t<div class=\"elementor-element elementor-element-575bb59 e-flex e-con-boxed e-con e-parent\" data-id=\"575bb59\" data-element_type=\"container\" data-e-type=\"container\" data-settings=\"{&quot;ekit_has_onepagescroll_dot&quot;:&quot;yes&quot;}\">\n\t\t\t\t\t<div class=\"e-con-inner\">\n\t\t\t\t<div class=\"elementor-element elementor-element-20724a8 elementor-widget elementor-widget-spacer\" data-id=\"20724a8\" data-element_type=\"widget\" data-e-type=\"widget\" data-settings=\"{&quot;ekit_we_effect_on&quot;:&quot;none&quot;}\" data-widget_type=\"spacer.default\">\n\t\t\t\t<div class=\"elementor-widget-container\">\n\t\t\t\t\t\t\t<div class=\"elementor-spacer\">\n\t\t\t<div class=\"elementor-spacer-inner\"><\/div>\n\t\t<\/div>\n\t\t\t\t\t\t<\/div>\n\t\t\t\t<\/div>\n\t\t\t\t\t<\/div>\n\t\t\t\t<\/div>\n\t\t\t\t<\/div>\n\t\t","protected":false},"excerpt":{"rendered":"<p>Perspektivenberatung Entdecke dein Potenzial mit unserem individuellen Coaching Die Reise in deine berufliche Zukunft kann spannend, aber auch herausfordernd sein. Mit der richtigen Unterst\u00fctzung kannst du den entscheidenden Unterschied machen. Unser Coaching-Angebot hilft dir, deine St\u00e4rken zu entdecken, deine einzigartigen Talente zu erkennen und die speziellen Herausforderungen zu meistern, die du bei Entscheidungen bez\u00fcglich deiner [&hellip;]<\/p>\n","protected":false},"author":1,"featured_media":0,"parent":79,"menu_order":0,"comment_status":"closed","ping_status":"closed","template":"","meta":{"footnotes":""},"class_list":["post-1437","page","type-page","status-publish","hentry"],"_links":{"self":[{"href":"https:\/\/studium.hoc.kit.edu\/hocampus\/index.php\/wp-json\/wp\/v2\/pages\/1437","targetHints":{"allow":["GET"]}}],"collection":[{"href":"https:\/\/studium.hoc.kit.edu\/hocampus\/index.php\/wp-json\/wp\/v2\/pages"}],"about":[{"href":"https:\/\/studium.hoc.kit.edu\/hocampus\/index.php\/wp-json\/wp\/v2\/types\/page"}],"author":[{"embeddable":true,"href":"https:\/\/studium.hoc.kit.edu\/hocampus\/index.php\/wp-json\/wp\/v2\/users\/1"}],"replies":[{"embeddable":true,"href":"https:\/\/studium.hoc.kit.edu\/hocampus\/index.php\/wp-json\/wp\/v2\/comments?post=1437"}],"version-history":[{"count":214,"href":"https:\/\/studium.hoc.kit.edu\/hocampus\/index.php\/wp-json\/wp\/v2\/pages\/1437\/revisions"}],"predecessor-version":[{"id":7206,"href":"https:\/\/studium.hoc.kit.edu\/hocampus\/index.php\/wp-json\/wp\/v2\/pages\/1437\/revisions\/7206"}],"up":[{"embeddable":true,"href":"https:\/\/studium.hoc.kit.edu\/hocampus\/index.php\/wp-json\/wp\/v2\/pages\/79"}],"wp:attachment":[{"href":"https:\/\/studium.hoc.kit.edu\/hocampus\/index.php\/wp-json\/wp\/v2\/media?parent=1437"}],"curies":[{"name":"wp","href":"https:\/\/api.w.org\/{rel}","templated":true}]}}