{"id":1084,"date":"2023-03-03T15:47:29","date_gmt":"2023-03-03T14:47:29","guid":{"rendered":"https:\/\/studium.hoc.kit.edu\/hocampus\/?page_id=1084"},"modified":"2025-03-05T12:11:38","modified_gmt":"2025-03-05T11:11:38","slug":"anmeldeverfahren","status":"publish","type":"page","link":"https:\/\/studium.hoc.kit.edu\/hocampus\/index.php\/anmeldeverfahren\/","title":{"rendered":"Anmeldeverfahren"},"content":{"rendered":"\t\t<div data-elementor-type=\"wp-page\" data-elementor-id=\"1084\" class=\"elementor elementor-1084\" data-elementor-post-type=\"page\">\n\t\t\t\t\t\t<section class=\"elementor-section elementor-top-section elementor-element elementor-element-3f7366f elementor-section-height-min-height elementor-section-boxed elementor-section-height-default elementor-section-items-middle\" data-id=\"3f7366f\" data-element_type=\"section\" data-e-type=\"section\" data-settings=\"{&quot;background_background&quot;:&quot;classic&quot;,&quot;shape_divider_bottom&quot;:&quot;waves&quot;,&quot;ekit_has_onepagescroll_dot&quot;:&quot;yes&quot;}\">\n\t\t\t\t\t\t\t<div class=\"elementor-background-overlay\"><\/div>\n\t\t\t\t\t\t<div class=\"elementor-shape elementor-shape-bottom\" aria-hidden=\"true\" data-negative=\"false\">\n\t\t\t<svg xmlns=\"http:\/\/www.w3.org\/2000\/svg\" viewBox=\"0 0 1000 100\" preserveAspectRatio=\"none\">\n\t<path class=\"elementor-shape-fill\" d=\"M421.9,6.5c22.6-2.5,51.5,0.4,75.5,5.3c23.6,4.9,70.9,23.5,100.5,35.7c75.8,32.2,133.7,44.5,192.6,49.7\n\tc23.6,2.1,48.7,3.5,103.4-2.5c54.7-6,106.2-25.6,106.2-25.6V0H0v30.3c0,0,72,32.6,158.4,30.5c39.2-0.7,92.8-6.7,134-22.4\n\tc21.2-8.1,52.2-18.2,79.7-24.2C399.3,7.9,411.6,7.5,421.9,6.5z\"\/>\n<\/svg>\t\t<\/div>\n\t\t\t\t\t<div class=\"elementor-container elementor-column-gap-default\">\n\t\t\t\t\t<div class=\"elementor-column elementor-col-50 elementor-top-column elementor-element elementor-element-10978bd\" data-id=\"10978bd\" data-element_type=\"column\" data-e-type=\"column\">\n\t\t\t<div class=\"elementor-widget-wrap elementor-element-populated\">\n\t\t\t\t\t\t<div class=\"elementor-element elementor-element-598851e elementor-widget elementor-widget-heading\" data-id=\"598851e\" data-element_type=\"widget\" data-e-type=\"widget\" data-settings=\"{&quot;ekit_we_effect_on&quot;:&quot;none&quot;}\" data-widget_type=\"heading.default\">\n\t\t\t\t<div class=\"elementor-widget-container\">\n\t\t\t\t\t<h1 class=\"elementor-heading-title elementor-size-default\">Anmeldeverfahren<\/h1>\t\t\t\t<\/div>\n\t\t\t\t<\/div>\n\t\t\t\t<div class=\"elementor-element elementor-element-7bf3d59 elementor-widget-divider--view-line elementor-invisible elementor-widget elementor-widget-divider\" data-id=\"7bf3d59\" data-element_type=\"widget\" data-e-type=\"widget\" data-settings=\"{&quot;_animation&quot;:&quot;bounceInLeft&quot;,&quot;ekit_we_effect_on&quot;:&quot;none&quot;}\" data-widget_type=\"divider.default\">\n\t\t\t\t<div class=\"elementor-widget-container\">\n\t\t\t\t\t\t\t<div class=\"elementor-divider\">\n\t\t\t<span class=\"elementor-divider-separator\">\n\t\t\t\t\t\t<\/span>\n\t\t<\/div>\n\t\t\t\t\t\t<\/div>\n\t\t\t\t<\/div>\n\t\t\t\t\t<\/div>\n\t\t<\/div>\n\t\t\t\t<div class=\"elementor-column elementor-col-50 elementor-top-column elementor-element elementor-element-18d6189\" data-id=\"18d6189\" data-element_type=\"column\" data-e-type=\"column\">\n\t\t\t<div class=\"elementor-widget-wrap elementor-element-populated\">\n\t\t\t\t\t\t<div class=\"elementor-element elementor-element-ec1fb1f elementor-invisible elementor-widget elementor-widget-image\" data-id=\"ec1fb1f\" data-element_type=\"widget\" data-e-type=\"widget\" data-settings=\"{&quot;_animation&quot;:&quot;tada&quot;,&quot;ekit_we_effect_on&quot;:&quot;none&quot;}\" data-widget_type=\"image.default\">\n\t\t\t\t<div class=\"elementor-widget-container\">\n\t\t\t\t\t\t\t\t\t\t\t\t\t\t\t<img fetchpriority=\"high\" decoding=\"async\" width=\"800\" height=\"501\" src=\"https:\/\/studium.hoc.kit.edu\/hocampus\/wp-content\/uploads\/2023\/03\/HoC_Logo_WT-1024x641.png\" class=\"attachment-large size-large wp-image-831\" alt=\"\" srcset=\"https:\/\/studium.hoc.kit.edu\/hocampus\/wp-content\/uploads\/2023\/03\/HoC_Logo_WT-1024x641.png 1024w, https:\/\/studium.hoc.kit.edu\/hocampus\/wp-content\/uploads\/2023\/03\/HoC_Logo_WT-300x188.png 300w, https:\/\/studium.hoc.kit.edu\/hocampus\/wp-content\/uploads\/2023\/03\/HoC_Logo_WT-768x481.png 768w, https:\/\/studium.hoc.kit.edu\/hocampus\/wp-content\/uploads\/2023\/03\/HoC_Logo_WT.png 1298w\" sizes=\"(max-width: 800px) 100vw, 800px\" \/>\t\t\t\t\t\t\t\t\t\t\t\t\t\t\t<\/div>\n\t\t\t\t<\/div>\n\t\t\t\t\t<\/div>\n\t\t<\/div>\n\t\t\t\t\t<\/div>\n\t\t<\/section>\n\t\t\t\t<section class=\"elementor-section elementor-top-section elementor-element elementor-element-ca986c2 elementor-section-boxed elementor-section-height-default elementor-section-height-default\" data-id=\"ca986c2\" data-element_type=\"section\" data-e-type=\"section\" data-settings=\"{&quot;background_background&quot;:&quot;classic&quot;,&quot;shape_divider_top&quot;:&quot;opacity-fan&quot;,&quot;shape_divider_bottom&quot;:&quot;opacity-fan&quot;,&quot;ekit_has_onepagescroll_dot&quot;:&quot;yes&quot;}\">\n\t\t\t\t\t<div class=\"elementor-shape elementor-shape-top\" aria-hidden=\"true\" data-negative=\"false\">\n\t\t\t<svg xmlns=\"http:\/\/www.w3.org\/2000\/svg\" viewBox=\"0 0 283.5 19.6\" preserveAspectRatio=\"none\">\n\t<path class=\"elementor-shape-fill\" style=\"opacity:0.33\" d=\"M0 0L0 18.8 141.8 4.1 283.5 18.8 283.5 0z\"\/>\n\t<path class=\"elementor-shape-fill\" style=\"opacity:0.33\" d=\"M0 0L0 12.6 141.8 4 283.5 12.6 283.5 0z\"\/>\n\t<path class=\"elementor-shape-fill\" style=\"opacity:0.33\" d=\"M0 0L0 6.4 141.8 4 283.5 6.4 283.5 0z\"\/>\n\t<path class=\"elementor-shape-fill\" d=\"M0 0L0 1.2 141.8 4 283.5 1.2 283.5 0z\"\/>\n<\/svg>\t\t<\/div>\n\t\t\t\t<div class=\"elementor-shape elementor-shape-bottom\" aria-hidden=\"true\" data-negative=\"false\">\n\t\t\t<svg xmlns=\"http:\/\/www.w3.org\/2000\/svg\" viewBox=\"0 0 283.5 19.6\" preserveAspectRatio=\"none\">\n\t<path class=\"elementor-shape-fill\" style=\"opacity:0.33\" d=\"M0 0L0 18.8 141.8 4.1 283.5 18.8 283.5 0z\"\/>\n\t<path class=\"elementor-shape-fill\" style=\"opacity:0.33\" d=\"M0 0L0 12.6 141.8 4 283.5 12.6 283.5 0z\"\/>\n\t<path class=\"elementor-shape-fill\" style=\"opacity:0.33\" d=\"M0 0L0 6.4 141.8 4 283.5 6.4 283.5 0z\"\/>\n\t<path class=\"elementor-shape-fill\" d=\"M0 0L0 1.2 141.8 4 283.5 1.2 283.5 0z\"\/>\n<\/svg>\t\t<\/div>\n\t\t\t\t\t<div class=\"elementor-container elementor-column-gap-default\">\n\t\t\t\t\t<div class=\"elementor-column elementor-col-100 elementor-top-column elementor-element elementor-element-b91b082\" data-id=\"b91b082\" data-element_type=\"column\" data-e-type=\"column\">\n\t\t\t<div class=\"elementor-widget-wrap elementor-element-populated\">\n\t\t\t\t\t\t<div class=\"elementor-element elementor-element-6148769 elementor-widget elementor-widget-text-editor\" data-id=\"6148769\" data-element_type=\"widget\" data-e-type=\"widget\" data-settings=\"{&quot;ekit_we_effect_on&quot;:&quot;none&quot;}\" data-widget_type=\"text-editor.default\">\n\t\t\t\t<div class=\"elementor-widget-container\">\n\t\t\t\t\t\t\t\t\t<div id=\"pg-331-1\" class=\"panel-grid panel-no-style\"><div id=\"pgc-331-1-0\" class=\"panel-grid-cell\"><div id=\"panel-331-1-0-0\" class=\"so-panel widget widget_text panel-first-child panel-last-child\" data-index=\"1\"><div class=\"textwidget\"><h5>Wie kann man an einem Seminar des HoC teilnehmen?<\/h5><h5>Um einen Platz f\u00fcr ein HoC-Seminar zu bekommen gibt es drei M\u00f6glichkeiten:<\/h5><p>\u00a0<\/p><p><img decoding=\"async\" class=\"alignleft wp-image-1407 \" src=\"https:\/\/studium.hoc.kit.edu\/hocampus\/wp-content\/uploads\/2023\/03\/icon_los-1-150x150.png\" alt=\"\" width=\"101\" height=\"101\" srcset=\"https:\/\/studium.hoc.kit.edu\/hocampus\/wp-content\/uploads\/2023\/03\/icon_los-1-150x150.png 150w, https:\/\/studium.hoc.kit.edu\/hocampus\/wp-content\/uploads\/2023\/03\/icon_los-1-300x300.png 300w, https:\/\/studium.hoc.kit.edu\/hocampus\/wp-content\/uploads\/2023\/03\/icon_los-1.png 566w\" sizes=\"(max-width: 101px) 100vw, 101px\" \/><\/p><p><strong>M\u00f6glichkeit 1: Verlosung<\/strong><\/p><p>Auf Nummer sicher gehen bei der Semesterplanung?<\/p><p>Dann besteht die M\u00f6glichkeit an einem virtuellen Losverfahren f\u00fcr die Vergabe der Seminarpl\u00e4tze teilzunehmen.<\/p><p>Daf\u00fcr w\u00e4hlt man <strong>maximal vier Veranstaltungen<\/strong> aus dem Veranstaltungsprogramm des Hoc aus und meldet sich f\u00fcr diese w\u00e4hrend des Anmeldezeitraums (Mitte April\/Mitte Oktober) an. F\u00fcr die ausgew\u00e4hlten Seminare werden dann personalisierte Lose generiert.<\/p><p>Bei der Losziehung f\u00fcr die Platzvergabe (wenige Tage nach der Anmeldung) besteht die M\u00f6glichkeit, dass eines oder mehrere der Lose gezogen werden. In diesem Fall ist die Teilnahme am entsprechenden Seminar gesichert. \u00dcber eine Zusage wird man automatisch per E-Mail informiert.<\/p><p>Was nun noch zu beachten ist: Ein p\u00fcnktliches Erscheinen zum Seminar ist obligatorisch, da ansonsten der Platz verf\u00e4llt und als Wildcard anderen Studierenden zur Verf\u00fcgung gestellt wird.<\/p><p>Sollte die Verlosung <em>nicht<\/em> zu einem Seminarplatz gef\u00fchrt haben, bestehen nach wie vor die M\u00f6glichkeiten 2 und 3.<\/p><p>\u00a0<\/p><p><img decoding=\"async\" class=\"alignleft wp-image-1408\" src=\"https:\/\/studium.hoc.kit.edu\/hocampus\/wp-content\/uploads\/2023\/03\/fcfs-300x300.png\" alt=\"\" width=\"101\" height=\"101\" srcset=\"https:\/\/studium.hoc.kit.edu\/hocampus\/wp-content\/uploads\/2023\/03\/fcfs-300x300.png 300w, https:\/\/studium.hoc.kit.edu\/hocampus\/wp-content\/uploads\/2023\/03\/fcfs-150x150.png 150w, https:\/\/studium.hoc.kit.edu\/hocampus\/wp-content\/uploads\/2023\/03\/fcfs.png 566w\" sizes=\"(max-width: 101px) 100vw, 101px\" \/><\/p><p><strong>M\u00f6glichkeit 2: Direkte Restplatzvergabe<\/strong><\/p><p>Anmeldezeitraum verpasst oder Lospech gehabt?<\/p><p>Spontan f\u00fcr ein Seminar am HoC entschieden?<\/p><p>Dann besteht die M\u00f6glichkeit sich auf der HoC-Website zu informieren, welche Seminare nach der Losziehung noch nicht ausgebucht sind (oder ob aktuell in einem Seminar wieder Pl\u00e4tze frei gworden sind) und sich verbindlich zu einem solchen anzumelden. Die Vergabe der Restpl\u00e4tze erfolgt hier nach dem Prinzip \u201efirst come first served\u201c. Die Anmeldung zum Seminar wird dann per E-Mail best\u00e4tigt und die Teilnahme ist gesichert. Auch hier gilt zu beachten, dass man zum ersten Termin des Seminars p\u00fcnktlich vor Ort sein muss, da der Platz sonst verf\u00e4llt und als Wildcard anderen Studierenden zur Verf\u00fcgung gestellt wird.<\/p><p>\u00a0<\/p><p><strong>M\u00f6glichkeit 3: Wildcard<\/strong><\/p><p>Keinen Platz in der Wunschveranstaltung bekommen?<\/p><p>Dann gibt es neben den beschriebenen M\u00f6glichkeiten zur Anmeldung (Verlosung und direkte Restplatzvergabe) noch die Option der Wildcard. So werden zum Seminarstart nicht (p\u00fcnktlich) angetretene oder noch freie Pl\u00e4tze vergeben. Dazu kann man einfach p\u00fcnktlich zum Beginn des Seminars erscheinen und mit etwas Gl\u00fcck noch einen Platz im Seminar erhalten. Sollte es zum Seminarstart mehr Wildcard-Anw\u00e4rter\/innen als freie Pl\u00e4tze geben, werden die freien Pl\u00e4tze per Losverfahren unmittelbar vor Ort vergeben.<\/p><p>Bei Onlinekursen wenden Sie sich bitte via Mail an die Dozentin\/ den Dozenten.<\/p><\/div><p style=\"text-align: center;\"><strong>Pro Semester k\u00f6nnen maximal VIER Veranstaltungen gebucht werden!<\/strong><\/p><\/div><\/div><\/div>\t\t\t\t\t\t\t\t<\/div>\n\t\t\t\t<\/div>\n\t\t\t\t<div class=\"elementor-element elementor-element-4d9cab6 elementor-widget elementor-widget-spacer\" data-id=\"4d9cab6\" data-element_type=\"widget\" data-e-type=\"widget\" data-settings=\"{&quot;ekit_we_effect_on&quot;:&quot;none&quot;}\" data-widget_type=\"spacer.default\">\n\t\t\t\t<div class=\"elementor-widget-container\">\n\t\t\t\t\t\t\t<div class=\"elementor-spacer\">\n\t\t\t<div class=\"elementor-spacer-inner\"><\/div>\n\t\t<\/div>\n\t\t\t\t\t\t<\/div>\n\t\t\t\t<\/div>\n\t\t\t\t<div class=\"elementor-element elementor-element-03a8c91 elementor-widget elementor-widget-spacer\" data-id=\"03a8c91\" data-element_type=\"widget\" data-e-type=\"widget\" data-settings=\"{&quot;ekit_we_effect_on&quot;:&quot;none&quot;}\" data-widget_type=\"spacer.default\">\n\t\t\t\t<div class=\"elementor-widget-container\">\n\t\t\t\t\t\t\t<div class=\"elementor-spacer\">\n\t\t\t<div class=\"elementor-spacer-inner\"><\/div>\n\t\t<\/div>\n\t\t\t\t\t\t<\/div>\n\t\t\t\t<\/div>\n\t\t\t\t\t<\/div>\n\t\t<\/div>\n\t\t\t\t\t<\/div>\n\t\t<\/section>\n\t\t\t\t<\/div>\n\t\t","protected":false},"excerpt":{"rendered":"<p>Anmeldeverfahren Wie kann man an einem Seminar des HoC teilnehmen? Um einen Platz f\u00fcr ein HoC-Seminar zu bekommen gibt es drei M\u00f6glichkeiten: \u00a0 M\u00f6glichkeit 1: Verlosung Auf Nummer sicher gehen bei der Semesterplanung? Dann besteht die M\u00f6glichkeit an einem virtuellen Losverfahren f\u00fcr die Vergabe der Seminarpl\u00e4tze teilzunehmen. Daf\u00fcr w\u00e4hlt man maximal vier Veranstaltungen aus dem [&hellip;]<\/p>\n","protected":false},"author":1,"featured_media":0,"parent":0,"menu_order":0,"comment_status":"closed","ping_status":"closed","template":"","meta":{"footnotes":""},"class_list":["post-1084","page","type-page","status-publish","hentry"],"_links":{"self":[{"href":"https:\/\/studium.hoc.kit.edu\/hocampus\/index.php\/wp-json\/wp\/v2\/pages\/1084","targetHints":{"allow":["GET"]}}],"collection":[{"href":"https:\/\/studium.hoc.kit.edu\/hocampus\/index.php\/wp-json\/wp\/v2\/pages"}],"about":[{"href":"https:\/\/studium.hoc.kit.edu\/hocampus\/index.php\/wp-json\/wp\/v2\/types\/page"}],"author":[{"embeddable":true,"href":"https:\/\/studium.hoc.kit.edu\/hocampus\/index.php\/wp-json\/wp\/v2\/users\/1"}],"replies":[{"embeddable":true,"href":"https:\/\/studium.hoc.kit.edu\/hocampus\/index.php\/wp-json\/wp\/v2\/comments?post=1084"}],"version-history":[{"count":76,"href":"https:\/\/studium.hoc.kit.edu\/hocampus\/index.php\/wp-json\/wp\/v2\/pages\/1084\/revisions"}],"predecessor-version":[{"id":6267,"href":"https:\/\/studium.hoc.kit.edu\/hocampus\/index.php\/wp-json\/wp\/v2\/pages\/1084\/revisions\/6267"}],"wp:attachment":[{"href":"https:\/\/studium.hoc.kit.edu\/hocampus\/index.php\/wp-json\/wp\/v2\/media?parent=1084"}],"curies":[{"name":"wp","href":"https:\/\/api.w.org\/{rel}","templated":true}]}}